{"id":8,"date":"2012-11-28T12:08:53","date_gmt":"2012-11-28T12:08:53","guid":{"rendered":"http:\/\/panama.treberhilfe-dresden.de\/?page_id=8"},"modified":"2023-01-18T11:25:24","modified_gmt":"2023-01-18T11:25:24","slug":"asp-panama","status":"publish","type":"page","link":"http:\/\/panama.treberhilfe-dresden.de\/?page_id=8","title":{"rendered":"AbenteuerSpielPlatz Panama"},"content":{"rendered":"\n<div class=\"wp-block-group alignfull\"><div class=\"wp-block-group__inner-container is-layout-flow wp-block-group-is-layout-flow\">\n<div class=\"wp-block-columns alignwide is-layout-flex wp-container-core-columns-is-layout-1 wp-block-columns-is-layout-flex\">\n<div class=\"wp-block-column is-layout-flow wp-block-column-is-layout-flow\" style=\"flex-basis:66.66%\">\n<p>Der ASP PANAMA ist ein Spielort f\u00fcr Kinder und Jugendliche ab 6 Jahren   mit kostenfreien Angeboten in verschiedenen Bereichen: Handwerk, Tiere, Bauen, Basteln, Toben und vieles mehr. Die Ideen der Kinder und Jugendlichen stehen im Vordergrund und bestimmen die t\u00e4glichen Angebote.  <\/p>\n\n\n\n<p> <strong>Rechtsgrundlage:<\/strong>  Kinder- und Jugendarbeit, \u00a7 11 SGB VIII. <\/p>\n\n\n\n<p> <strong>Adressat:innen<\/strong> sind M\u00e4dchen und Jungen zwischen 6 und 16 Jahren.  <\/p>\n\n\n\n<p><strong>Ziele<\/strong><\/p>\n\n\n\n<p>der Offenen Kinder- und Jugendarbeit sind die F\u00f6rderung der Pers\u00f6nlichkeit, sozialen Kompetenz, F\u00e4higkeiten und Fertigkeiten sowie die Vermittlung von Erfahrungen, Wissen und Werten.<\/p>\n\n\n\n<p><strong>Angebote<\/strong><\/p>\n\n\n\n<p>Die Angebotsvielfalt auf dem Abenteuerspielplatz Panama reicht vom Handwerksbereich, wie Leder-, Ton-, Woll-, Holz- und Metallverarbeitung bis zur Arbeit mit Tieren (tiergest\u00fctzte P\u00e4dagogik). Zum Tierbereich geh\u00f6rt auch das t\u00e4gliche Versorgen und Pflegen der Tiere.<\/p>\n<\/div>\n\n\n\n<div class=\"wp-block-column is-layout-flow wp-block-column-is-layout-flow\" style=\"flex-basis:33.33%\">\n<figure class=\"wp-block-image size-large\"><img loading=\"lazy\" decoding=\"async\" width=\"450\" height=\"576\" src=\"http:\/\/panama.treberhilfe-dresden.de\/wp-content\/uploads\/2012\/11\/Schiff-www_web.jpg\" alt=\"\" class=\"wp-image-610\" srcset=\"http:\/\/panama.treberhilfe-dresden.de\/wp-content\/uploads\/2012\/11\/Schiff-www_web.jpg 450w, http:\/\/panama.treberhilfe-dresden.de\/wp-content\/uploads\/2012\/11\/Schiff-www_web-234x300.jpg 234w\" sizes=\"(max-width: 450px) 100vw, 450px\" \/><\/figure>\n<\/div>\n<\/div>\n\n\n\n<div class=\"wp-block-columns is-layout-flex wp-container-core-columns-is-layout-2 wp-block-columns-is-layout-flex\">\n<div class=\"wp-block-column is-layout-flow wp-block-column-is-layout-flow\"><\/div>\n\n\n\n<div class=\"wp-block-column is-layout-flow wp-block-column-is-layout-flow\"><\/div>\n\n\n\n<div class=\"wp-block-column is-layout-flow wp-block-column-is-layout-flow\"><\/div>\n<\/div>\n\n\n\n<div class=\"wp-block-columns alignwide is-layout-flex wp-container-core-columns-is-layout-3 wp-block-columns-is-layout-flex\">\n<div class=\"wp-block-column is-layout-flow wp-block-column-is-layout-flow\">\n<p><strong>Projekte<\/strong><\/p>\n\n\n\n<p>Es werden freizeit- und erlebnisorientierte Ausfahrten durchgef\u00fchrt, z.B. viele Ausfl\u00fcge in den Ferien oder unser Abenteuercamp in den Sommerferien und viele andere.<\/p>\n\n\n\n<p><strong>Der ASP Panama ist\u2026<\/strong><\/p>\n\n\n\n<ul class=\"wp-block-list\">\n<li>eine gr\u00fcne Oase in der Dresdner Neustadt.<\/li>\n\n\n\n<li>ein Offenes Kinder- und Jugendangebot an M\u00e4dchen und Jungen, die in die Arbeit auf dem Platz und in die Angebote einbezogen werden.<\/li>\n\n\n\n<li>ein Tobe- und Ruheplatz f\u00fcr Kinder und Jugendliche.<\/li>\n<\/ul>\n<\/div>\n\n\n\n<div class=\"wp-block-column is-layout-flow wp-block-column-is-layout-flow\">\n<p><strong>Zusatzleistungen<\/strong><\/p>\n\n\n\n<p>F\u00fcr die Eltern mit j\u00fcngeren Kindern sind wir ein Ort, der ausreichend Abwechslung und Entdeckungsraum bietet und somit die J\u00fcngsten dazu einl\u00e4dt, auf ihre Art die Welt zu erkunden. Auch Kindergruppen aus Schulen oder Kindertagesst\u00e4tten nutzen regelm\u00e4\u00dfig den ASP PANAMA (Anmeldung erforderlich).<\/p>\n\n\n\n<div style=\"height:42px\" aria-hidden=\"true\" class=\"wp-block-spacer\"><\/div>\n\n\n\n<p>Auf den folgenden Unterseiten wollen wir versuchen, Ihnen den ASP PANAMA n\u00e4her zu bringen.<\/p>\n<\/div>\n<\/div>\n<\/div><\/div>\n","protected":false},"excerpt":{"rendered":"<p>Der ASP PANAMA ist ein Spielort f\u00fcr Kinder und Jugendliche ab 6 Jahren mit kostenfreien Angeboten in verschiedenen Bereichen: Handwerk, Tiere, Bauen, Basteln, Toben und vieles mehr. Die Ideen der Kinder und Jugendlichen stehen im Vordergrund und bestimmen die t\u00e4glichen Angebote. Rechtsgrundlage: Kinder- und Jugendarbeit, \u00a7 11 SGB VIII. Adressat:innen sind M\u00e4dchen und Jungen zwischen [&hellip;]<\/p>\n","protected":false},"author":1,"featured_media":0,"parent":0,"menu_order":2,"comment_status":"closed","ping_status":"closed","template":"","meta":{"ngg_post_thumbnail":0,"footnotes":""},"class_list":["post-8","page","type-page","status-publish","hentry"],"_links":{"self":[{"href":"http:\/\/panama.treberhilfe-dresden.de\/index.php?rest_route=\/wp\/v2\/pages\/8"}],"collection":[{"href":"http:\/\/panama.treberhilfe-dresden.de\/index.php?rest_route=\/wp\/v2\/pages"}],"about":[{"href":"http:\/\/panama.treberhilfe-dresden.de\/index.php?rest_route=\/wp\/v2\/types\/page"}],"author":[{"embeddable":true,"href":"http:\/\/panama.treberhilfe-dresden.de\/index.php?rest_route=\/wp\/v2\/users\/1"}],"replies":[{"embeddable":true,"href":"http:\/\/panama.treberhilfe-dresden.de\/index.php?rest_route=%2Fwp%2Fv2%2Fcomments&post=8"}],"version-history":[{"count":19,"href":"http:\/\/panama.treberhilfe-dresden.de\/index.php?rest_route=\/wp\/v2\/pages\/8\/revisions"}],"predecessor-version":[{"id":3430,"href":"http:\/\/panama.treberhilfe-dresden.de\/index.php?rest_route=\/wp\/v2\/pages\/8\/revisions\/3430"}],"wp:attachment":[{"href":"http:\/\/panama.treberhilfe-dresden.de\/index.php?rest_route=%2Fwp%2Fv2%2Fmedia&parent=8"}],"curies":[{"name":"wp","href":"https:\/\/api.w.org\/{rel}","templated":true}]}}