{"id":68,"date":"2012-11-28T12:56:16","date_gmt":"2012-11-28T12:56:16","guid":{"rendered":"http:\/\/panama.treberhilfe-dresden.de\/?page_id=68"},"modified":"2014-04-18T16:27:24","modified_gmt":"2014-04-18T16:27:24","slug":"unterstuetzung","status":"publish","type":"page","link":"http:\/\/panama.treberhilfe-dresden.de\/?page_id=68","title":{"rendered":"Leitbild"},"content":{"rendered":"<p><strong>Leitbild und Ethik<\/strong><\/p>\n<p>Die Treberhilfe Dresden e.V. vertritt ein humanistisches Weltbild. Der Verein f\u00f6rdert demokratische und emanzipatorische Verhaltensweisen und beteiligt die (jungen) Menschen bei Aktionen und Angeboten. \u00dcber die Beteiligung und die Hilfen werden Selbstverantwortung und Selbstorganisation trainiert. Die zu leistende Sozialp\u00e4dagogik orientiert sich am Grundgesetz, an den Menschen- und Kinderrechtskonventionen und an den Ans\u00e4tzen des Gendermainstream bzw. Diversity. Der Verein steht somit f\u00fcr Gleichstellung von Geschlechtern, Altersgruppen und Ethnien.<\/p>\n<p><span style=\"color: #ffffff;\">.<\/span><\/p>\n<p><strong>Vereinszweck<\/strong><\/p>\n<p>Die Treberhilfe Dresden e.V. bietet vor allem Ausgegrenzten, Benachteiligten bzw. von Ausgrenzung, Benachteiligung bedrohten (jungen) Menschen Hilfen an. Der Zweck des Vereines ist es, (jungen) Menschen in besonderen Not-, Problem- bzw. Lebenslagen Beratung, Begleitung und Unterst\u00fctzung zu offerieren. Dem folgt, dass pr\u00e4ventive Ma\u00dfnahmen bereits f\u00fcr Kinder zu entwickeln sind.<\/p>\n<p>Die Erfahrungen der Mitarbeiter und Mitarbeiterinnen st\u00fctzen sich auf langj\u00e4hrige Arbeit im Bereich der Mobilen und Offenen Jugend- und Gemeinwesenarbeit, der Hilfen zur Erziehung und Erlebnisp\u00e4dagogik. Die Arbeitsans\u00e4tze sind l\u00f6sungs-, ressourcen-, lebenswelt- und sozialraumorientiert. Die hauptamtliche Sozialp\u00e4dagogik erf\u00e4hrt gro\u00dfe Unterst\u00fctzung durch engagierte Ehrenamtliche. F\u00fcr ehrenamtliches Engagement bestehen vielf\u00e4ltige M\u00f6glichkeiten. Zum Beispiel auf dem Abenteuerspielplatz Panama, bei Pr\u00e4sentationen, Stadtteil- und Kinderfesten sowie bei der Fuhrparkadministration.<\/p>\n<p><span style=\"color: #ffffff;\">.<\/span><\/p>\n<p><strong>Struktur<\/strong><\/p>\n<p>Der Vorstand ist im Verein ehrenamtlich t\u00e4tig. 20 Mitarbeitende sind f\u00fcr die Jugendhilfeangebote verantwortlich. Der Verein z\u00e4hlt 31 Mitglieder und ca. 50 Ehrenamtliche, Studierende im Praktikum und Honorarkr\u00e4fte.<\/p>\n<p><span style=\"color: #ffffff;\">.<\/span><\/p>\n<p><strong>Mitgliedschaften<\/strong><\/p>\n<p>Die Treberhilfe Dresden e.V. ist dem Parit\u00e4tischen Wohlfahrtsverband Sachsen e.V. angegliedert.<\/p>\n<p>Die Treberhilfe Dresden e.V. ist Mitglied in den Dachorganisationen Stadtjugendring Dresden e.V., AGJF (AG Jugendfreizeitst\u00e4tten) Sachsen e.V., LAK (Landesarbeitskreis) Mobile Jugendarbeit Sachsen e.V., BdJA (Bund der Jugendfarmen und Aktivspielpl\u00e4tze) e.V. und im B\u00fcndnis f\u00fcr Stra\u00dfenkinder in Deutschland e.V.<\/p>\n<p><span style=\"color: #ffffff;\">.<\/span><\/p>\n<p><strong>Weiterf\u00fchrende Informationen<\/strong><\/p>\n<p>F\u00fcr mehr Informationen und Aktuelle Entwicklungen rund um die Treberhilfe Dresden e.V. besuchen Sie bitte unsere Vereinshomepage unter <a title=\"www.treberhilfe-dresden.de\" href=\"http:\/\/www.treberhilfe-dresden.de\" target=\"_blank\">www.treberhilfe-dresden.de<\/a>.<\/p>\n<p><span style=\"color: #ffffff;\">.<\/span><\/p>\n","protected":false},"excerpt":{"rendered":"<p>Leitbild und Ethik Die Treberhilfe Dresden e.V. vertritt ein humanistisches Weltbild. Der Verein f\u00f6rdert demokratische und emanzipatorische Verhaltensweisen und beteiligt die (jungen) Menschen bei Aktionen und Angeboten. \u00dcber die Beteiligung und die Hilfen werden Selbstverantwortung und Selbstorganisation trainiert. Die zu leistende Sozialp\u00e4dagogik orientiert sich am Grundgesetz, an den Menschen- und Kinderrechtskonventionen und an den Ans\u00e4tzen [&hellip;]<\/p>\n","protected":false},"author":1,"featured_media":0,"parent":20,"menu_order":3,"comment_status":"closed","ping_status":"closed","template":"","meta":{"ngg_post_thumbnail":0,"footnotes":""},"class_list":["post-68","page","type-page","status-publish","hentry"],"_links":{"self":[{"href":"http:\/\/panama.treberhilfe-dresden.de\/index.php?rest_route=\/wp\/v2\/pages\/68"}],"collection":[{"href":"http:\/\/panama.treberhilfe-dresden.de\/index.php?rest_route=\/wp\/v2\/pages"}],"about":[{"href":"http:\/\/panama.treberhilfe-dresden.de\/index.php?rest_route=\/wp\/v2\/types\/page"}],"author":[{"embeddable":true,"href":"http:\/\/panama.treberhilfe-dresden.de\/index.php?rest_route=\/wp\/v2\/users\/1"}],"replies":[{"embeddable":true,"href":"http:\/\/panama.treberhilfe-dresden.de\/index.php?rest_route=%2Fwp%2Fv2%2Fcomments&post=68"}],"version-history":[{"count":5,"href":"http:\/\/panama.treberhilfe-dresden.de\/index.php?rest_route=\/wp\/v2\/pages\/68\/revisions"}],"predecessor-version":[{"id":871,"href":"http:\/\/panama.treberhilfe-dresden.de\/index.php?rest_route=\/wp\/v2\/pages\/68\/revisions\/871"}],"up":[{"embeddable":true,"href":"http:\/\/panama.treberhilfe-dresden.de\/index.php?rest_route=\/wp\/v2\/pages\/20"}],"wp:attachment":[{"href":"http:\/\/panama.treberhilfe-dresden.de\/index.php?rest_route=%2Fwp%2Fv2%2Fmedia&parent=68"}],"curies":[{"name":"wp","href":"https:\/\/api.w.org\/{rel}","templated":true}]}}