{"id":5,"date":"2012-11-28T12:06:12","date_gmt":"2012-11-28T12:06:12","guid":{"rendered":"http:\/\/panama.treberhilfe-dresden.de\/?page_id=5"},"modified":"2024-06-25T11:47:36","modified_gmt":"2024-06-25T11:47:36","slug":"start","status":"publish","type":"page","link":"http:\/\/panama.treberhilfe-dresden.de\/","title":{"rendered":"Herzlich Willkommen!"},"content":{"rendered":"\n<div class=\"wp-block-columns alignwide is-layout-flex wp-container-core-columns-is-layout-1 wp-block-columns-is-layout-flex\">\n<div class=\"wp-block-column is-layout-flow wp-block-column-is-layout-flow\">\n<figure class=\"wp-block-embed is-type-video is-provider-youtube wp-block-embed-youtube wp-embed-aspect-16-9 wp-has-aspect-ratio\"><div class=\"wp-block-embed__wrapper\">\n<iframe loading=\"lazy\" title=\"ASP Panama - Ein Portrait\" width=\"580\" height=\"326\" src=\"https:\/\/www.youtube.com\/embed\/_w-DOXuyfN0?feature=oembed\" frameborder=\"0\" allow=\"accelerometer; autoplay; clipboard-write; encrypted-media; gyroscope; picture-in-picture; web-share\" referrerpolicy=\"strict-origin-when-cross-origin\" allowfullscreen><\/iframe>\n<\/div><\/figure>\n<\/div>\n\n\n\n<div class=\"wp-block-column is-vertically-aligned-center is-layout-flow wp-block-column-is-layout-flow\">\n<p> \u2026 auf der Homepage des ASP PANAMA &#8211; dem Abenteuerspielplatz der  Treberhilfe Dresden e.V. <\/p>\n\n\n\n<p>Auf dieser Homepage findest Du alle <a href=\"http:\/\/panama.treberhilfe-dresden.de\/?cat=1\" data-type=\"category\" data-id=\"1\">aktuellen Informationen<\/a> und einen \u00dcberblick \u00fcber unsere Arbeit.  <\/p>\n\n\n\n<p>Auf Instagram k\u00f6nnt ihr uns ebenfalls unter <strong>@asp_panama<\/strong> folgen. Dort k\u00f6nnt ihr, wenn ihr nicht herkommen k\u00f6nnt, ein wenig mitverfolgen, was gerade bei uns so los ist. <\/p>\n<\/div>\n<\/div>\n\n\n\n<h2 class=\"has-text-align-center has-secondary-color has-text-color wp-block-heading\"><strong>Normale \u00d6ffnungszeiten<\/strong><\/h2>\n\n\n\n<p><\/p>\n\n\n\n<div class=\"wp-block-columns alignwide are-vertically-aligned-center is-layout-flex wp-container-core-columns-is-layout-2 wp-block-columns-is-layout-flex\">\n<div class=\"wp-block-column is-vertically-aligned-center is-layout-flow wp-block-column-is-layout-flow\">\n<p class=\"has-accent-background-color has-background has-normal-font-size\"><strong>\u00d6ffnungszeiten Kinder ab 6 Jahren ohne Erwachsene <\/strong><br><br><strong>Montag, Dienstag, Donnerstag, Freitag  jeweils von 14 bis 18:30 Uhr<\/strong> <br><br><strong>Tel. 0351\/8038748<\/strong><\/p>\n\n\n\n<p><\/p>\n<\/div>\n\n\n\n<div class=\"wp-block-column is-vertically-aligned-center is-layout-flow wp-block-column-is-layout-flow\">\n<p class=\"has-text-align-center\"><\/p>\n<\/div>\n\n\n\n<div class=\"wp-block-column is-vertically-aligned-center is-layout-flow wp-block-column-is-layout-flow\">\n<p class=\"has-drop-cap has-text-align-left has-background\" style=\"background-color:#3682a3;font-size:19px\"><strong>Besucher:innen<\/strong>:<br>Aktuell ist der Platz f\u00fcr Besucher:innen (Familien mit Kleinkindern unter 6 Jahren, Erwachsene) montags bis freitags zwischen 9 und 14 Uhr, am Wochenende zu den F\u00fctterungszeiten (9-12 Uhr; 16-18 Uhr) ge\u00f6ffnet. Der Familienmittwoch findet in der Schulzeit von 15:30-18 Uhr statt <\/p>\n\n\n\n<p><\/p>\n<\/div>\n<\/div>\n\n\n\n<p class=\"has-text-align-center\"><\/p>\n\n\n<p><iframe loading=\"lazy\" frameborder=\"0\" marginheight=\"0\" marginwidth=\"0\" src=\"https:\/\/www.betterplace-widget.org\/projects\/119315?l=de\" width=\"100%\" height=\"320\" style=\"border: 0; padding:0; margin:0;\">Informieren und spenden: &lt;a href=&#39;https:\/\/www.betterplace.org\/de\/projects\/119315-abenteuerspielplatz-panama&#39; target=&#39;_blank&#39;&gt;\u201eAbenteuerspielplatz Panama\u201c&lt;\/a&gt; auf betterplace.org \u00f6ffnen.<\/iframe><\/p>\n\n\n\n<h2 class=\"has-text-align-center has-secondary-color has-text-color wp-block-heading\"><strong>Kontaktdaten und wo ihr uns findet<\/strong><\/h2>\n\n\n\n<div class=\"wp-block-columns alignwide is-layout-flex wp-container-core-columns-is-layout-3 wp-block-columns-is-layout-flex\">\n<div class=\"wp-block-column is-layout-flow wp-block-column-is-layout-flow\">\n<p class=\"has-text-align-right\">ASP PANAMA \u2013 der Abenteuerspielplatz der Treberhilfe Dresden e.V.<\/p>\n\n\n\n<p class=\"has-text-align-left\">Jana Erler, Ulrike Otto, Isabel Kraska, Jenny Willaredt, Julia Kreiner,  Deborah Engel<\/p>\n\n\n\n<p class=\"has-text-align-right\">Seifhennersdorfer Str. 2<br>01099 Dresden<\/p>\n\n\n\n<p class=\"has-text-align-right\">Telefon: 0351 \/ 80 38 748<br>Email: <em>asp-panama [@] treberhilfe-dresden.de<\/em> <\/p>\n<\/div>\n\n\n\n<div class=\"wp-block-column is-layout-flow wp-block-column-is-layout-flow\">\n<figure><iframe loading=\"lazy\" src=\"https:\/\/maps.google.com\/maps?f=q&amp;source=s_q&amp;hl=de&amp;geocode=&amp;q=Abenteuerspielplatz+Panama,+Seifhennersdorfer+Stra%C3%9Fe,+Dresden,+Deutschland&amp;aq=0&amp;oq=ASP+PANAMA&amp;sll=50.830228,13.458252&amp;sspn=1.967236,5.410767&amp;t=m&amp;ie=UTF8&amp;hq=Abenteuerspielplatz+Panama,+Seifhennersdorfer+Stra%C3%9Fe,+Dresden,+Deutschland&amp;ll=51.06903,13.755891&amp;spn=0.004719,0.011802&amp;z=16&amp;iwloc=A&amp;output=embed\" marginwidth=\"0\" marginheight=\"0\" scrolling=\"no\" width=\"350\" height=\"150\" frameborder=\"0\"><\/iframe><\/figure>\n<\/div>\n<\/div>\n\n\n\n<h2 class=\"has-text-align-center has-secondary-color has-text-color wp-block-heading\"> <strong>Impressionen<\/strong><\/h2>\n\n\n\n<figure class=\"wp-block-gallery alignwide has-nested-images columns-8 is-cropped wp-block-gallery-1 is-layout-flex wp-block-gallery-is-layout-flex\">\n<figure class=\"wp-block-image size-large\"><img loading=\"lazy\" decoding=\"async\" width=\"1024\" height=\"683\" data-id=\"2364\" src=\"http:\/\/panama.treberhilfe-dresden.de\/wp-content\/uploads\/2019\/11\/bibi-1024x683.jpg\" alt=\"\" class=\"wp-image-2364\" srcset=\"http:\/\/panama.treberhilfe-dresden.de\/wp-content\/uploads\/2019\/11\/bibi-1024x683.jpg 1024w, http:\/\/panama.treberhilfe-dresden.de\/wp-content\/uploads\/2019\/11\/bibi-300x200.jpg 300w, http:\/\/panama.treberhilfe-dresden.de\/wp-content\/uploads\/2019\/11\/bibi-768x512.jpg 768w, http:\/\/panama.treberhilfe-dresden.de\/wp-content\/uploads\/2019\/11\/bibi-624x416.jpg 624w, http:\/\/panama.treberhilfe-dresden.de\/wp-content\/uploads\/2019\/11\/bibi.jpg 2048w\" sizes=\"(max-width: 1024px) 100vw, 1024px\" \/><\/figure>\n\n\n\n<figure class=\"wp-block-image size-large\"><img loading=\"lazy\" decoding=\"async\" width=\"768\" height=\"1024\" data-id=\"2858\" src=\"http:\/\/panama.treberhilfe-dresden.de\/wp-content\/uploads\/2021\/03\/WhatsApp-Image-2021-02-26-at-15.52.231-1-768x1024.jpeg\" alt=\"\" class=\"wp-image-2858\" srcset=\"http:\/\/panama.treberhilfe-dresden.de\/wp-content\/uploads\/2021\/03\/WhatsApp-Image-2021-02-26-at-15.52.231-1-768x1023.jpeg 768w, http:\/\/panama.treberhilfe-dresden.de\/wp-content\/uploads\/2021\/03\/WhatsApp-Image-2021-02-26-at-15.52.231-1-225x300.jpeg 225w, http:\/\/panama.treberhilfe-dresden.de\/wp-content\/uploads\/2021\/03\/WhatsApp-Image-2021-02-26-at-15.52.231-1-1153x1536.jpeg 1153w, http:\/\/panama.treberhilfe-dresden.de\/wp-content\/uploads\/2021\/03\/WhatsApp-Image-2021-02-26-at-15.52.231-1.jpeg 1200w\" sizes=\"(max-width: 768px) 100vw, 768px\" \/><\/figure>\n\n\n\n<figure class=\"wp-block-image size-large\"><img loading=\"lazy\" decoding=\"async\" width=\"767\" height=\"1024\" data-id=\"2316\" src=\"http:\/\/panama.treberhilfe-dresden.de\/wp-content\/uploads\/2019\/09\/IMG_20190912_123502_451-767x1024.jpg\" alt=\"\" class=\"wp-image-2316\" srcset=\"http:\/\/panama.treberhilfe-dresden.de\/wp-content\/uploads\/2019\/09\/IMG_20190912_123502_451-767x1024.jpg 767w, http:\/\/panama.treberhilfe-dresden.de\/wp-content\/uploads\/2019\/09\/IMG_20190912_123502_451-225x300.jpg 225w, http:\/\/panama.treberhilfe-dresden.de\/wp-content\/uploads\/2019\/09\/IMG_20190912_123502_451-768x1025.jpg 768w, http:\/\/panama.treberhilfe-dresden.de\/wp-content\/uploads\/2019\/09\/IMG_20190912_123502_451-624x833.jpg 624w, http:\/\/panama.treberhilfe-dresden.de\/wp-content\/uploads\/2019\/09\/IMG_20190912_123502_451.jpg 959w\" sizes=\"(max-width: 767px) 100vw, 767px\" \/><\/figure>\n\n\n\n<figure class=\"wp-block-image size-large\"><img loading=\"lazy\" decoding=\"async\" width=\"585\" height=\"1024\" data-id=\"2198\" src=\"http:\/\/panama.treberhilfe-dresden.de\/wp-content\/uploads\/2019\/01\/Angelina3klein-585x1024.jpg\" alt=\"\" class=\"wp-image-2198\" srcset=\"http:\/\/panama.treberhilfe-dresden.de\/wp-content\/uploads\/2019\/01\/Angelina3klein-585x1024.jpg 585w, http:\/\/panama.treberhilfe-dresden.de\/wp-content\/uploads\/2019\/01\/Angelina3klein-171x300.jpg 171w, http:\/\/panama.treberhilfe-dresden.de\/wp-content\/uploads\/2019\/01\/Angelina3klein-768x1344.jpg 768w, http:\/\/panama.treberhilfe-dresden.de\/wp-content\/uploads\/2019\/01\/Angelina3klein-624x1092.jpg 624w\" sizes=\"(max-width: 585px) 100vw, 585px\" \/><\/figure>\n\n\n\n<figure class=\"wp-block-image size-large\"><img loading=\"lazy\" decoding=\"async\" width=\"1024\" height=\"683\" data-id=\"2174\" src=\"http:\/\/panama.treberhilfe-dresden.de\/wp-content\/uploads\/2018\/11\/15994497_1339332652805287_2942019446115846899_o-1024x683.jpg\" alt=\"\" class=\"wp-image-2174\" srcset=\"http:\/\/panama.treberhilfe-dresden.de\/wp-content\/uploads\/2018\/11\/15994497_1339332652805287_2942019446115846899_o-1024x683.jpg 1024w, http:\/\/panama.treberhilfe-dresden.de\/wp-content\/uploads\/2018\/11\/15994497_1339332652805287_2942019446115846899_o-300x200.jpg 300w, http:\/\/panama.treberhilfe-dresden.de\/wp-content\/uploads\/2018\/11\/15994497_1339332652805287_2942019446115846899_o-768x512.jpg 768w, http:\/\/panama.treberhilfe-dresden.de\/wp-content\/uploads\/2018\/11\/15994497_1339332652805287_2942019446115846899_o-624x416.jpg 624w, http:\/\/panama.treberhilfe-dresden.de\/wp-content\/uploads\/2018\/11\/15994497_1339332652805287_2942019446115846899_o.jpg 2048w\" sizes=\"(max-width: 1024px) 100vw, 1024px\" \/><\/figure>\n\n\n\n<figure class=\"wp-block-image size-large\"><img loading=\"lazy\" decoding=\"async\" width=\"576\" height=\"1024\" data-id=\"2003\" src=\"http:\/\/panama.treberhilfe-dresden.de\/wp-content\/uploads\/2018\/03\/DSC_0322-576x1024.jpg\" alt=\"\" class=\"wp-image-2003\" srcset=\"http:\/\/panama.treberhilfe-dresden.de\/wp-content\/uploads\/2018\/03\/DSC_0322-576x1024.jpg 576w, http:\/\/panama.treberhilfe-dresden.de\/wp-content\/uploads\/2018\/03\/DSC_0322-169x300.jpg 169w, http:\/\/panama.treberhilfe-dresden.de\/wp-content\/uploads\/2018\/03\/DSC_0322-768x1366.jpg 768w, http:\/\/panama.treberhilfe-dresden.de\/wp-content\/uploads\/2018\/03\/DSC_0322-624x1110.jpg 624w, http:\/\/panama.treberhilfe-dresden.de\/wp-content\/uploads\/2018\/03\/DSC_0322.jpg 1689w\" sizes=\"(max-width: 576px) 100vw, 576px\" \/><\/figure>\n\n\n\n<figure class=\"wp-block-image size-large\"><img loading=\"lazy\" decoding=\"async\" width=\"720\" height=\"480\" data-id=\"1854\" src=\"http:\/\/panama.treberhilfe-dresden.de\/wp-content\/uploads\/2017\/11\/12347803_957881194283770_2367817245501324226_n.jpg\" alt=\"\" class=\"wp-image-1854\" srcset=\"http:\/\/panama.treberhilfe-dresden.de\/wp-content\/uploads\/2017\/11\/12347803_957881194283770_2367817245501324226_n.jpg 720w, http:\/\/panama.treberhilfe-dresden.de\/wp-content\/uploads\/2017\/11\/12347803_957881194283770_2367817245501324226_n-300x200.jpg 300w, http:\/\/panama.treberhilfe-dresden.de\/wp-content\/uploads\/2017\/11\/12347803_957881194283770_2367817245501324226_n-624x416.jpg 624w\" sizes=\"(max-width: 720px) 100vw, 720px\" \/><\/figure>\n\n\n\n<figure class=\"wp-block-image size-large\"><img loading=\"lazy\" decoding=\"async\" width=\"1024\" height=\"768\" data-id=\"1807\" src=\"http:\/\/panama.treberhilfe-dresden.de\/wp-content\/uploads\/2017\/08\/WhatsApp-Image-2017-08-20-at-21.35.58-1024x768.jpeg\" alt=\"\" class=\"wp-image-1807\" srcset=\"http:\/\/panama.treberhilfe-dresden.de\/wp-content\/uploads\/2017\/08\/WhatsApp-Image-2017-08-20-at-21.35.58-1024x768.jpeg 1024w, http:\/\/panama.treberhilfe-dresden.de\/wp-content\/uploads\/2017\/08\/WhatsApp-Image-2017-08-20-at-21.35.58-300x225.jpeg 300w, http:\/\/panama.treberhilfe-dresden.de\/wp-content\/uploads\/2017\/08\/WhatsApp-Image-2017-08-20-at-21.35.58-768x576.jpeg 768w, http:\/\/panama.treberhilfe-dresden.de\/wp-content\/uploads\/2017\/08\/WhatsApp-Image-2017-08-20-at-21.35.58-624x468.jpeg 624w, http:\/\/panama.treberhilfe-dresden.de\/wp-content\/uploads\/2017\/08\/WhatsApp-Image-2017-08-20-at-21.35.58.jpeg 1280w\" sizes=\"(max-width: 1024px) 100vw, 1024px\" \/><\/figure>\n\n\n\n<figure class=\"wp-block-image size-large\"><img loading=\"lazy\" decoding=\"async\" width=\"576\" height=\"1024\" data-id=\"1774\" src=\"http:\/\/panama.treberhilfe-dresden.de\/wp-content\/uploads\/2017\/07\/WhatsApp-Image-2017-07-01-at-17.47.481-576x1024.jpeg\" alt=\"\" class=\"wp-image-1774\" srcset=\"http:\/\/panama.treberhilfe-dresden.de\/wp-content\/uploads\/2017\/07\/WhatsApp-Image-2017-07-01-at-17.47.481-576x1024.jpeg 576w, http:\/\/panama.treberhilfe-dresden.de\/wp-content\/uploads\/2017\/07\/WhatsApp-Image-2017-07-01-at-17.47.481-169x300.jpeg 169w, http:\/\/panama.treberhilfe-dresden.de\/wp-content\/uploads\/2017\/07\/WhatsApp-Image-2017-07-01-at-17.47.481-624x1109.jpeg 624w, http:\/\/panama.treberhilfe-dresden.de\/wp-content\/uploads\/2017\/07\/WhatsApp-Image-2017-07-01-at-17.47.481.jpeg 668w\" sizes=\"(max-width: 576px) 100vw, 576px\" \/><\/figure>\n\n\n\n<figure class=\"wp-block-image size-large\"><img loading=\"lazy\" decoding=\"async\" width=\"1024\" height=\"577\" data-id=\"1773\" src=\"http:\/\/panama.treberhilfe-dresden.de\/wp-content\/uploads\/2017\/07\/WhatsApp-Image-2017-07-01-at-17.47.48-1024x577.jpeg\" alt=\"\" class=\"wp-image-1773\" srcset=\"http:\/\/panama.treberhilfe-dresden.de\/wp-content\/uploads\/2017\/07\/WhatsApp-Image-2017-07-01-at-17.47.48-1024x577.jpeg 1024w, http:\/\/panama.treberhilfe-dresden.de\/wp-content\/uploads\/2017\/07\/WhatsApp-Image-2017-07-01-at-17.47.48-300x169.jpeg 300w, http:\/\/panama.treberhilfe-dresden.de\/wp-content\/uploads\/2017\/07\/WhatsApp-Image-2017-07-01-at-17.47.48-768x433.jpeg 768w, http:\/\/panama.treberhilfe-dresden.de\/wp-content\/uploads\/2017\/07\/WhatsApp-Image-2017-07-01-at-17.47.48-624x351.jpeg 624w, http:\/\/panama.treberhilfe-dresden.de\/wp-content\/uploads\/2017\/07\/WhatsApp-Image-2017-07-01-at-17.47.48.jpeg 1147w\" sizes=\"(max-width: 1024px) 100vw, 1024px\" \/><\/figure>\n\n\n\n<figure class=\"wp-block-image size-large\"><img loading=\"lazy\" decoding=\"async\" width=\"909\" height=\"656\" data-id=\"1764\" src=\"http:\/\/panama.treberhilfe-dresden.de\/wp-content\/uploads\/2017\/06\/panama-ausstellung-vorederseite.jpg\" alt=\"\" class=\"wp-image-1764\" srcset=\"http:\/\/panama.treberhilfe-dresden.de\/wp-content\/uploads\/2017\/06\/panama-ausstellung-vorederseite.jpg 909w, http:\/\/panama.treberhilfe-dresden.de\/wp-content\/uploads\/2017\/06\/panama-ausstellung-vorederseite-300x217.jpg 300w, http:\/\/panama.treberhilfe-dresden.de\/wp-content\/uploads\/2017\/06\/panama-ausstellung-vorederseite-768x554.jpg 768w, http:\/\/panama.treberhilfe-dresden.de\/wp-content\/uploads\/2017\/06\/panama-ausstellung-vorederseite-624x450.jpg 624w\" sizes=\"(max-width: 909px) 100vw, 909px\" \/><\/figure>\n\n\n\n<figure class=\"wp-block-image size-large\"><img loading=\"lazy\" decoding=\"async\" width=\"1024\" height=\"768\" data-id=\"1566\" src=\"http:\/\/panama.treberhilfe-dresden.de\/wp-content\/uploads\/2016\/08\/Jukreta-Erfurt-2016_klein-1024x768.jpg\" alt=\"\" class=\"wp-image-1566\" srcset=\"http:\/\/panama.treberhilfe-dresden.de\/wp-content\/uploads\/2016\/08\/Jukreta-Erfurt-2016_klein-1024x768.jpg 1024w, http:\/\/panama.treberhilfe-dresden.de\/wp-content\/uploads\/2016\/08\/Jukreta-Erfurt-2016_klein-300x225.jpg 300w, http:\/\/panama.treberhilfe-dresden.de\/wp-content\/uploads\/2016\/08\/Jukreta-Erfurt-2016_klein-768x576.jpg 768w, http:\/\/panama.treberhilfe-dresden.de\/wp-content\/uploads\/2016\/08\/Jukreta-Erfurt-2016_klein-624x468.jpg 624w, http:\/\/panama.treberhilfe-dresden.de\/wp-content\/uploads\/2016\/08\/Jukreta-Erfurt-2016_klein.jpg 1063w\" sizes=\"(max-width: 1024px) 100vw, 1024px\" \/><\/figure>\n\n\n\n<figure class=\"wp-block-image size-large\"><img loading=\"lazy\" decoding=\"async\" width=\"850\" height=\"638\" data-id=\"1569\" src=\"http:\/\/panama.treberhilfe-dresden.de\/wp-content\/uploads\/2016\/08\/Abenteuercamp-2016_klein.jpg\" alt=\"\" class=\"wp-image-1569\" srcset=\"http:\/\/panama.treberhilfe-dresden.de\/wp-content\/uploads\/2016\/08\/Abenteuercamp-2016_klein.jpg 850w, http:\/\/panama.treberhilfe-dresden.de\/wp-content\/uploads\/2016\/08\/Abenteuercamp-2016_klein-300x225.jpg 300w, http:\/\/panama.treberhilfe-dresden.de\/wp-content\/uploads\/2016\/08\/Abenteuercamp-2016_klein-768x576.jpg 768w, http:\/\/panama.treberhilfe-dresden.de\/wp-content\/uploads\/2016\/08\/Abenteuercamp-2016_klein-624x468.jpg 624w\" sizes=\"(max-width: 850px) 100vw, 850px\" \/><\/figure>\n\n\n\n<figure class=\"wp-block-image size-large\"><img loading=\"lazy\" decoding=\"async\" width=\"768\" height=\"1024\" data-id=\"2859\" src=\"http:\/\/panama.treberhilfe-dresden.de\/wp-content\/uploads\/2021\/03\/WhatsApp-Image-2021-03-03-at-09.56.17-1-768x1024.jpeg\" alt=\"\" class=\"wp-image-2859\" srcset=\"http:\/\/panama.treberhilfe-dresden.de\/wp-content\/uploads\/2021\/03\/WhatsApp-Image-2021-03-03-at-09.56.17-1-768x1024.jpeg 768w, http:\/\/panama.treberhilfe-dresden.de\/wp-content\/uploads\/2021\/03\/WhatsApp-Image-2021-03-03-at-09.56.17-1-225x300.jpeg 225w, http:\/\/panama.treberhilfe-dresden.de\/wp-content\/uploads\/2021\/03\/WhatsApp-Image-2021-03-03-at-09.56.17-1-1152x1536.jpeg 1152w, http:\/\/panama.treberhilfe-dresden.de\/wp-content\/uploads\/2021\/03\/WhatsApp-Image-2021-03-03-at-09.56.17-1.jpeg 1200w\" sizes=\"(max-width: 768px) 100vw, 768px\" \/><\/figure>\n\n\n\n<figure class=\"wp-block-image size-large\"><img loading=\"lazy\" decoding=\"async\" width=\"2592\" height=\"1944\" data-id=\"1090\" src=\"http:\/\/panama.treberhilfe-dresden.de\/wp-content\/uploads\/2014\/09\/pfh\u00e4nger02.jpg\" alt=\"\" class=\"wp-image-1090\"\/><\/figure>\n\n\n\n<figure class=\"wp-block-image size-large\"><img loading=\"lazy\" decoding=\"async\" width=\"480\" height=\"640\" data-id=\"741\" src=\"http:\/\/panama.treberhilfe-dresden.de\/wp-content\/uploads\/2012\/11\/K\u00fcrbissuppe-kochen.jpg\" alt=\"\" class=\"wp-image-741\" srcset=\"http:\/\/panama.treberhilfe-dresden.de\/wp-content\/uploads\/2012\/11\/K\u00fcrbissuppe-kochen.jpg 480w, http:\/\/panama.treberhilfe-dresden.de\/wp-content\/uploads\/2012\/11\/K\u00fcrbissuppe-kochen-225x300.jpg 225w\" sizes=\"(max-width: 480px) 100vw, 480px\" \/><\/figure>\n\n\n\n<figure class=\"wp-block-image size-large\"><img loading=\"lazy\" decoding=\"async\" width=\"640\" height=\"480\" data-id=\"740\" src=\"http:\/\/panama.treberhilfe-dresden.de\/wp-content\/uploads\/2012\/11\/Gartenpflege.jpg\" alt=\"\" class=\"wp-image-740\" srcset=\"http:\/\/panama.treberhilfe-dresden.de\/wp-content\/uploads\/2012\/11\/Gartenpflege.jpg 640w, http:\/\/panama.treberhilfe-dresden.de\/wp-content\/uploads\/2012\/11\/Gartenpflege-300x225.jpg 300w, http:\/\/panama.treberhilfe-dresden.de\/wp-content\/uploads\/2012\/11\/Gartenpflege-624x468.jpg 624w\" sizes=\"(max-width: 640px) 100vw, 640px\" \/><\/figure>\n\n\n\n<figure class=\"wp-block-image size-large\"><img loading=\"lazy\" decoding=\"async\" width=\"313\" height=\"235\" data-id=\"328\" src=\"http:\/\/panama.treberhilfe-dresden.de\/wp-content\/uploads\/2012\/11\/K11.jpg\" alt=\"\" class=\"wp-image-328\" srcset=\"http:\/\/panama.treberhilfe-dresden.de\/wp-content\/uploads\/2012\/11\/K11.jpg 313w, http:\/\/panama.treberhilfe-dresden.de\/wp-content\/uploads\/2012\/11\/K11-300x225.jpg 300w\" sizes=\"(max-width: 313px) 100vw, 313px\" \/><\/figure>\n\n\n\n<figure class=\"wp-block-image size-large\"><img loading=\"lazy\" decoding=\"async\" width=\"313\" height=\"209\" data-id=\"329\" src=\"http:\/\/panama.treberhilfe-dresden.de\/wp-content\/uploads\/2012\/11\/K13.jpg\" alt=\"\" class=\"wp-image-329\" srcset=\"http:\/\/panama.treberhilfe-dresden.de\/wp-content\/uploads\/2012\/11\/K13.jpg 313w, http:\/\/panama.treberhilfe-dresden.de\/wp-content\/uploads\/2012\/11\/K13-300x200.jpg 300w\" sizes=\"(max-width: 313px) 100vw, 313px\" \/><\/figure>\n\n\n\n<figure class=\"wp-block-image size-large\"><img loading=\"lazy\" decoding=\"async\" width=\"313\" height=\"209\" data-id=\"334\" src=\"http:\/\/panama.treberhilfe-dresden.de\/wp-content\/uploads\/2012\/11\/K08.jpg\" alt=\"\" class=\"wp-image-334\" srcset=\"http:\/\/panama.treberhilfe-dresden.de\/wp-content\/uploads\/2012\/11\/K08.jpg 313w, http:\/\/panama.treberhilfe-dresden.de\/wp-content\/uploads\/2012\/11\/K08-300x200.jpg 300w\" sizes=\"(max-width: 313px) 100vw, 313px\" \/><\/figure>\n\n\n\n<figure class=\"wp-block-image size-large\"><img loading=\"lazy\" decoding=\"async\" width=\"313\" height=\"235\" data-id=\"318\" src=\"http:\/\/panama.treberhilfe-dresden.de\/wp-content\/uploads\/2012\/11\/K10.jpg\" alt=\"\" class=\"wp-image-318\" srcset=\"http:\/\/panama.treberhilfe-dresden.de\/wp-content\/uploads\/2012\/11\/K10.jpg 313w, http:\/\/panama.treberhilfe-dresden.de\/wp-content\/uploads\/2012\/11\/K10-300x225.jpg 300w\" sizes=\"(max-width: 313px) 100vw, 313px\" \/><\/figure>\n<\/figure>\n","protected":false},"excerpt":{"rendered":"<p>\u2026 auf der Homepage des ASP PANAMA &#8211; dem Abenteuerspielplatz der Treberhilfe Dresden e.V. Auf dieser Homepage findest Du alle aktuellen Informationen und einen \u00dcberblick \u00fcber unsere Arbeit. Auf Instagram k\u00f6nnt ihr uns ebenfalls unter @asp_panama folgen. Dort k\u00f6nnt ihr, wenn ihr nicht herkommen k\u00f6nnt, ein wenig mitverfolgen, was gerade bei uns so los ist. [&hellip;]<\/p>\n","protected":false},"author":1,"featured_media":0,"parent":0,"menu_order":1,"comment_status":"closed","ping_status":"closed","template":"","meta":{"ngg_post_thumbnail":0,"footnotes":""},"class_list":["post-5","page","type-page","status-publish","hentry"],"_links":{"self":[{"href":"http:\/\/panama.treberhilfe-dresden.de\/index.php?rest_route=\/wp\/v2\/pages\/5"}],"collection":[{"href":"http:\/\/panama.treberhilfe-dresden.de\/index.php?rest_route=\/wp\/v2\/pages"}],"about":[{"href":"http:\/\/panama.treberhilfe-dresden.de\/index.php?rest_route=\/wp\/v2\/types\/page"}],"author":[{"embeddable":true,"href":"http:\/\/panama.treberhilfe-dresden.de\/index.php?rest_route=\/wp\/v2\/users\/1"}],"replies":[{"embeddable":true,"href":"http:\/\/panama.treberhilfe-dresden.de\/index.php?rest_route=%2Fwp%2Fv2%2Fcomments&post=5"}],"version-history":[{"count":90,"href":"http:\/\/panama.treberhilfe-dresden.de\/index.php?rest_route=\/wp\/v2\/pages\/5\/revisions"}],"predecessor-version":[{"id":3873,"href":"http:\/\/panama.treberhilfe-dresden.de\/index.php?rest_route=\/wp\/v2\/pages\/5\/revisions\/3873"}],"wp:attachment":[{"href":"http:\/\/panama.treberhilfe-dresden.de\/index.php?rest_route=%2Fwp%2Fv2%2Fmedia&parent=5"}],"curies":[{"name":"wp","href":"https:\/\/api.w.org\/{rel}","templated":true}]}}