{"id":36,"date":"2012-11-28T12:17:11","date_gmt":"2012-11-28T12:17:11","guid":{"rendered":"http:\/\/panama.treberhilfe-dresden.de\/?page_id=36"},"modified":"2022-09-28T07:50:47","modified_gmt":"2022-09-28T07:50:47","slug":"vermietung","status":"publish","type":"page","link":"http:\/\/panama.treberhilfe-dresden.de\/?page_id=36","title":{"rendered":"Nutzung des ASP Panama f\u00fcr Gruppen und Familien"},"content":{"rendered":"\n<figure class=\"wp-block-image size-large\"><a href=\"http:\/\/panama.treberhilfe-dresden.de\/wp-content\/uploads\/2022\/09\/Aushang-Familienachmittag.jpg\"><img loading=\"lazy\" decoding=\"async\" width=\"724\" height=\"1024\" src=\"http:\/\/panama.treberhilfe-dresden.de\/wp-content\/uploads\/2022\/09\/Aushang-Familienachmittag-724x1024.jpg\" alt=\"\" class=\"wp-image-3325\" srcset=\"http:\/\/panama.treberhilfe-dresden.de\/wp-content\/uploads\/2022\/09\/Aushang-Familienachmittag-724x1024.jpg 724w, http:\/\/panama.treberhilfe-dresden.de\/wp-content\/uploads\/2022\/09\/Aushang-Familienachmittag-212x300.jpg 212w, http:\/\/panama.treberhilfe-dresden.de\/wp-content\/uploads\/2022\/09\/Aushang-Familienachmittag-768x1086.jpg 768w, http:\/\/panama.treberhilfe-dresden.de\/wp-content\/uploads\/2022\/09\/Aushang-Familienachmittag-1086x1536.jpg 1086w, http:\/\/panama.treberhilfe-dresden.de\/wp-content\/uploads\/2022\/09\/Aushang-Familienachmittag-1448x2048.jpg 1448w, http:\/\/panama.treberhilfe-dresden.de\/wp-content\/uploads\/2022\/09\/Aushang-Familienachmittag-1200x1697.jpg 1200w, http:\/\/panama.treberhilfe-dresden.de\/wp-content\/uploads\/2022\/09\/Aushang-Familienachmittag.jpg 1651w\" sizes=\"(max-width: 724px) 100vw, 724px\" \/><\/a><\/figure>\n\n\n\n<p><strong>Nutzen Sie den ASP PANAMA f\u00fcr \u2026<\/strong><\/p>\n\n\n\n<ul class=\"wp-block-list\"><li>private Feiern f\u00fcr Kinder, wie Kindergeburtstag, Schulanfang und andere Feiern, bei denen das Kind im Mittelpunkt steht<\/li><li>Schulabschlussfeiern von Schulklassen<\/li><li>\u00dcbernachtungsaktionen im Rahmen des Schulunterrichtes<\/li><li>Projekt- und Wandertage, Weiterbildungen, Tagungen, \u00f6ffentliche&nbsp;Veranstaltungen f\u00fcr Schulen oder andere Bildungseinrichtungen der Kinder-&nbsp;und Jugendarbeit<\/li><\/ul>\n\n\n\n<p>Sie suchen einen au\u00dfergew\u00f6hnlichen Ort in der Dresdner Neustadt f\u00fcr einen&nbsp;anderen Zweck? Fragen Sie uns \u2026<\/p>\n\n\n\n<p><strong>Wir bieten Ihnen folgende M\u00f6glichkeiten an:<\/strong><\/p>\n\n\n\n<ul class=\"wp-block-list\"><li>Nutzung des Au\u00dfengel\u00e4ndes:<br> \u2014&nbsp;Nutzung des Au\u00dfengel\u00e4ndes incl. Outdoor-Spielger\u00e4te&nbsp;(Boole, B\u00e4lle, Federball, Tischtennis, Holzpferd \u201eHektor\u201c), Tische und&nbsp;B\u00e4nke<br> \u2014&nbsp;Lagerfeuer, Kn\u00fcppelteigstangen, Grillrost<br> \u2014&nbsp;Nutzung des Lehmofens zum Backen und Kochen<\/li><li>Betreute Angebote:<br> \u2014 Bogenschie\u00dfen<br> \u2014 Kleintierf\u00fctterung 9 Uhr oder 16 Uhr bzw. 17 Uhr (nach Absprache)<\/li><li>Nutzung von Innenr\u00e4umen:<br> (incl. Geschirrnutzung, anteilige Mitnutzung der K\u00fcche oder mobiler Teek\u00fcche&nbsp;und sanit\u00e4ren Einrichtungen)<br> \u2014&nbsp;Spielraum (ca. 80 qm)<br> \u2014 Werkstatt (ca. 100 qm)<br> \u2014&nbsp;Kaminzimmer (ca. 25 qm)<\/li><\/ul>\n\n\n\n<p><strong>&nbsp;Zur Terminvereinbarung, Kl\u00e4rung ihrer Fragen und Preisabsprachen \u2026<\/strong><br> bitte per E-Mail an <em>asp-panama@treberhilfe-dresden.de<\/em><\/p>\n\n\n\n<p><strong>Folgende Bedingungen sollen erf\u00fcllt sein:<\/strong><\/p>\n\n\n\n<ul class=\"wp-block-list\"><li>Die Gruppe muss in der Mehrzahl aus Kindern und\/oder Jugendlichen&nbsp;zwischen 6 und 16 Jahren bestehen und deutlich erkennbar eine Aktion f\u00fcr die&nbsp;genannte Zielgruppe beinhalten.<\/li><li>Die Gruppe verf\u00fcgt \u00fcber Betreuer:innen (Eltern, Erzieher:innen, Lehrer:innen,&nbsp;Sozialp\u00e4dagog:innen, etc.), welche die F\u00e4higkeiten haben, auf die Einhaltung&nbsp;der Nutzungsregeln des ASP PANAMA und allgemein g\u00fcltiger Regeln des&nbsp;Miteinanders zu achten.<\/li><li>Die Aufsichtspflicht gegen\u00fcber den Kindern und Jugendlichen obliegt ausschlie\u00dflich&nbsp;den Betreuer:innen der Gruppe.<\/li><li>Bitte nehmen Sie zur Kenntnis, dass die Gruppenteilnehmer:innen nicht \u00fcber die&nbsp;Treberhilfe Dresden e.V. oder den ASP PANAMA unfallversichert sind.<\/li><\/ul>\n\n\n\n<p><strong>Nutzungsregeln f\u00fcr Gruppen auf dem ASP PANAMA:<\/strong><\/p>\n\n\n\n<ul class=\"wp-block-list\"><li>Gruppen melden sich bei einem Mitarbeiter des ASP PANAMA an und ab.<\/li><li>Auf dem gesamten Gel\u00e4nde des ASP PANAMA besteht Rauch- und&nbsp;Alkoholverbot.<\/li><li>Die Tiere d\u00fcrfen au\u00dferhalb der F\u00fctterungszeiten nicht gef\u00fcttert werden.<\/li><li>Die Tiergehege, Heu-\/Strohscheunen sowie der Budenbaubereich d\u00fcrfen nicht&nbsp;betreten werden.<\/li><li>Bitte achten Sie bei der M\u00fcllentsorgung auf eine korrekte M\u00fclltrennung. Glas-&nbsp;und Papiercontainer befinden sich vor dem ASP PANAMA.<\/li><\/ul>\n","protected":false},"excerpt":{"rendered":"<p>Nutzen Sie den ASP PANAMA f\u00fcr \u2026 private Feiern f\u00fcr Kinder, wie Kindergeburtstag, Schulanfang und andere Feiern, bei denen das Kind im Mittelpunkt steht Schulabschlussfeiern von Schulklassen \u00dcbernachtungsaktionen im Rahmen des Schulunterrichtes Projekt- und Wandertage, Weiterbildungen, Tagungen, \u00f6ffentliche&nbsp;Veranstaltungen f\u00fcr Schulen oder andere Bildungseinrichtungen der Kinder-&nbsp;und Jugendarbeit Sie suchen einen au\u00dfergew\u00f6hnlichen Ort in der Dresdner Neustadt [&hellip;]<\/p>\n","protected":false},"author":1,"featured_media":0,"parent":114,"menu_order":6,"comment_status":"closed","ping_status":"closed","template":"","meta":{"ngg_post_thumbnail":0,"footnotes":""},"class_list":["post-36","page","type-page","status-publish","hentry"],"_links":{"self":[{"href":"http:\/\/panama.treberhilfe-dresden.de\/index.php?rest_route=\/wp\/v2\/pages\/36"}],"collection":[{"href":"http:\/\/panama.treberhilfe-dresden.de\/index.php?rest_route=\/wp\/v2\/pages"}],"about":[{"href":"http:\/\/panama.treberhilfe-dresden.de\/index.php?rest_route=\/wp\/v2\/types\/page"}],"author":[{"embeddable":true,"href":"http:\/\/panama.treberhilfe-dresden.de\/index.php?rest_route=\/wp\/v2\/users\/1"}],"replies":[{"embeddable":true,"href":"http:\/\/panama.treberhilfe-dresden.de\/index.php?rest_route=%2Fwp%2Fv2%2Fcomments&post=36"}],"version-history":[{"count":22,"href":"http:\/\/panama.treberhilfe-dresden.de\/index.php?rest_route=\/wp\/v2\/pages\/36\/revisions"}],"predecessor-version":[{"id":3326,"href":"http:\/\/panama.treberhilfe-dresden.de\/index.php?rest_route=\/wp\/v2\/pages\/36\/revisions\/3326"}],"up":[{"embeddable":true,"href":"http:\/\/panama.treberhilfe-dresden.de\/index.php?rest_route=\/wp\/v2\/pages\/114"}],"wp:attachment":[{"href":"http:\/\/panama.treberhilfe-dresden.de\/index.php?rest_route=%2Fwp%2Fv2%2Fmedia&parent=36"}],"curies":[{"name":"wp","href":"https:\/\/api.w.org\/{rel}","templated":true}]}}