{"id":28,"date":"2012-11-28T12:14:28","date_gmt":"2012-11-28T12:14:28","guid":{"rendered":"http:\/\/panama.treberhilfe-dresden.de\/?page_id=28"},"modified":"2015-06-07T18:53:26","modified_gmt":"2015-06-07T18:53:26","slug":"spenden","status":"publish","type":"page","link":"http:\/\/panama.treberhilfe-dresden.de\/?page_id=28","title":{"rendered":"Spenden"},"content":{"rendered":"<p>Der PANAMA e.V. freut sich stets \u00fcber \u2026<\/p>\n<h3>Geldspenden<\/h3>\n<p style=\"text-align: center;\"><img loading=\"lazy\" decoding=\"async\" class=\"aligncenter size-full wp-image-1269\" src=\"http:\/\/panama.treberhilfe-dresden.de\/wp-content\/uploads\/2012\/11\/spendenkonto15.png\" alt=\"spendenkonto15\" width=\"440\" height=\"125\" srcset=\"http:\/\/panama.treberhilfe-dresden.de\/wp-content\/uploads\/2012\/11\/spendenkonto15.png 440w, http:\/\/panama.treberhilfe-dresden.de\/wp-content\/uploads\/2012\/11\/spendenkonto15-300x85.png 300w\" sizes=\"(max-width: 440px) 100vw, 440px\" \/><\/p>\n<p>Bei Angabe Ihrer Anschrift bei der \u00dcberweisung stellen wir gern eine Spendenbescheinigung aus. Vielen Dank.<\/p>\n<h3>Sachspenden<\/h3>\n<p>Der ASP PANAMA kann st\u00e4ndig die verschiedensten Gegenst\u00e4nde und Materialien gebrauchen \u2013 zum Beispiel Werkzeuge, Holz zum bauen oder Feuer machen, Holzst\u00fchle, brauchbare (Kinder-)Fahrr\u00e4der, Holz-Schlitten, \u2026\u00a0Falls Sie eine Sachspende haben, nehmen Sie bitte Kontakt zum\u00a0<a title=\"Kontakt\" href=\"http:\/\/panama.treberhilfe-dresden.de\/?page_id=32\">ASP Panama<\/a>\u00a0auf. Vielen Dank.<\/p>\n","protected":false},"excerpt":{"rendered":"<p>Der PANAMA e.V. freut sich stets \u00fcber \u2026 Geldspenden Bei Angabe Ihrer Anschrift bei der \u00dcberweisung stellen wir gern eine Spendenbescheinigung aus. Vielen Dank. Sachspenden Der ASP PANAMA kann st\u00e4ndig die verschiedensten Gegenst\u00e4nde und Materialien gebrauchen \u2013 zum Beispiel Werkzeuge, Holz zum bauen oder Feuer machen, Holzst\u00fchle, brauchbare (Kinder-)Fahrr\u00e4der, Holz-Schlitten, \u2026\u00a0Falls Sie eine Sachspende haben, [&hellip;]<\/p>\n","protected":false},"author":1,"featured_media":0,"parent":22,"menu_order":3,"comment_status":"closed","ping_status":"closed","template":"","meta":{"ngg_post_thumbnail":0,"footnotes":""},"class_list":["post-28","page","type-page","status-publish","hentry"],"_links":{"self":[{"href":"http:\/\/panama.treberhilfe-dresden.de\/index.php?rest_route=\/wp\/v2\/pages\/28"}],"collection":[{"href":"http:\/\/panama.treberhilfe-dresden.de\/index.php?rest_route=\/wp\/v2\/pages"}],"about":[{"href":"http:\/\/panama.treberhilfe-dresden.de\/index.php?rest_route=\/wp\/v2\/types\/page"}],"author":[{"embeddable":true,"href":"http:\/\/panama.treberhilfe-dresden.de\/index.php?rest_route=\/wp\/v2\/users\/1"}],"replies":[{"embeddable":true,"href":"http:\/\/panama.treberhilfe-dresden.de\/index.php?rest_route=%2Fwp%2Fv2%2Fcomments&post=28"}],"version-history":[{"count":7,"href":"http:\/\/panama.treberhilfe-dresden.de\/index.php?rest_route=\/wp\/v2\/pages\/28\/revisions"}],"predecessor-version":[{"id":1270,"href":"http:\/\/panama.treberhilfe-dresden.de\/index.php?rest_route=\/wp\/v2\/pages\/28\/revisions\/1270"}],"up":[{"embeddable":true,"href":"http:\/\/panama.treberhilfe-dresden.de\/index.php?rest_route=\/wp\/v2\/pages\/22"}],"wp:attachment":[{"href":"http:\/\/panama.treberhilfe-dresden.de\/index.php?rest_route=%2Fwp%2Fv2%2Fmedia&parent=28"}],"curies":[{"name":"wp","href":"https:\/\/api.w.org\/{rel}","templated":true}]}}