{"id":26,"date":"2012-11-28T12:14:08","date_gmt":"2012-11-28T12:14:08","guid":{"rendered":"http:\/\/panama.treberhilfe-dresden.de\/?page_id=26"},"modified":"2018-03-20T19:05:05","modified_gmt":"2018-03-20T19:05:05","slug":"satzung","status":"publish","type":"page","link":"http:\/\/panama.treberhilfe-dresden.de\/?page_id=26","title":{"rendered":"Satzung"},"content":{"rendered":"<p>Die Satzung kann auch als <a href=\"http:\/\/panama.treberhilfe-dresden.de\/wp-content\/uploads\/2018\/03\/Satzung_PANAMAeV_2015_05_02.pdf\">pdf-Dokument<\/a> heruntergeladen werden<\/p>\n<p><b><span style='font-size:10.0pt;font-family:\"Maiandra GD\",\"sans-serif\"'>1. Name und Sitz<\/span><\/b><\/p>\n<ol start=1 type=1>\n<li class=MsoNormal><span style='font-size:10.0pt;font-family:\"Maiandra GD\",\"sans-serif\"'>Der Verein f\u00fchrt den Namen \u201ePANAMA&quot;; im folgenden Verein genannt.<\/span><\/li>\n<li class=MsoNormal><span style='font-size:10.0pt;font-family:\"Maiandra GD\",\"sans-serif\"'>Er hat seinen Sitz in Dresden.<\/span><\/li>\n<li class=MsoNormal><span style='font-size:10.0pt;font-family:\"Maiandra GD\",\"sans-serif\"'>Der Verein soll in das Vereinsregister eingetragen werden und f\u00fchrt nach der Eintragung den Zusatz \u201ee.V.\u201c<\/span><\/li>\n<\/ol>\n<p class=MsoNormal><b><span style='font-size:10.0pt;font-family:\"Maiandra GD\",\"sans-serif\"'>2. Vereinszweck<\/span><\/b><\/p>\n<ol start=1 type=1>\n<li class=MsoNormal><span style='font-size:10.0pt;font-family:\"Maiandra GD\",\"sans-serif\"'>Zweck des Vereines ist die F\u00f6rderung des Abenteuerspielplatzes Panama in der Dresdner Neustadt. <\/span><\/li>\n<li class=MsoNormal><span style='font-size:10.0pt;font-family:\"Maiandra GD\",\"sans-serif\"'>Der Vereinszweck wird insbesondere verwirklicht durch:<br \/>\n     a) F\u00f6rderung spezieller Angebote in der Offenen Kinder- und Jugendarbeit im Abenteuerspielplatz Panama.<br \/>\n     b) F\u00f6rderung von Projekten und Aktionen des Abenteuerspielplatzes Panama, insbesondere Feste auf dem Abenteuerspielplatz Panama, Ferienfreizeiten<br \/>\n     und Tagesausfl\u00fcge,<br \/>\n     c) F\u00f6rderung der heilp\u00e4dagogischen, therapeutischen und p\u00e4dagogischen Arbeit mit Pferden und anderen Tieren im Abenteuerspielplatz Panama.<\/span><\/li>\n<li class=MsoNormal><span style='font-size:10.0pt;font-family:\"Maiandra GD\",\"sans-serif\"'>Den Abenteuerspielplatz Panama als Leistung nach SGB VIII selbst betreiben.<\/span><\/li>\n<li class=MsoNormal><span style='font-size:10.0pt;font-family:\"Maiandra GD\",\"sans-serif\"'>Weitere Angebote im Leistungsbereich SGB VIII selbst zu betreiben.<\/span><\/li>\n<li class=MsoNormal><span style='font-size:10.0pt;font-family:\"Maiandra GD\",\"sans-serif\"'>Zweck des Vereins ist weiterhin die F\u00f6rderung von Kunst und Kultur als M\u00f6glichkeit der pers\u00f6nlichen Entfaltung insbesondere junger Menschen sowie die F\u00f6rderung von Sport und Zirkus als Mittel der Erhaltung der Gesundheit und F\u00f6rderung der motorischen F\u00e4higkeiten von Kindern und Jugendlichen.<\/span><\/li>\n<\/ol>\n<p><b><span style='font-size:10.0pt;font-family:\"Maiandra GD\",\"sans-serif\"'>3. Gemeinn\u00fctzigkeit<\/span><\/b><\/p>\n<ol start=1 type=1>\n<li class=MsoNormal><span style='font-size:10.0pt;font-family:\"Maiandra GD\",\"sans-serif\"'>Der Verein verfolgt ausschlie\u00dflich und unmittelbar gemeinn\u00fctzige Zwecke im Sinne des Abschnittes \u201eSteuerbeg\u00fcnstigte Zwecke&quot; der Abgabenordnung in der jeweils g\u00fcltigen Fassung.<\/span><\/li>\n<li class=MsoNormal><span style='font-size:10.0pt;font-family:\"Maiandra GD\",\"sans-serif\"'>Der Verein ist selbstlos t\u00e4tig und verfolgt nicht in erster Linie eigenwirtschaftliche Zwecke.<\/span><\/li>\n<li class=MsoNormal><span style='font-size:10.0pt;font-family:\"Maiandra GD\",\"sans-serif\"'>Mittel des Vereines d\u00fcrfen nur f\u00fcr satzungsgem\u00e4\u00dfe Zwecke verwendet werden. Die Mitglieder erhalten keine Zuwendungen aus den Mitteln des Vereines.<\/span><\/li>\n<li class=MsoNormal><span style='font-size:10.0pt;font-family:\"Maiandra GD\",\"sans-serif\"'>Es darf keine Person durch Ausgaben, die dem Zweck des Vereines fremd sind, oder durch unverh\u00e4ltnism\u00e4\u00dfig hohe Verg\u00fctungen beg\u00fcnstigt werden.<\/span><\/li>\n<\/ol>\n<p><b><span style='font-size:10.0pt;font-family:\"Maiandra GD\",\"sans-serif\"'>4. Gesch\u00e4ftsjahr, Beitr\u00e4ge<\/span><\/b><\/p>\n<ol start=1 type=1>\n<li class=MsoNormal><span style='font-size:10.0pt;font-family:\"Maiandra GD\",\"sans-serif\"'>Das Gesch\u00e4ftsjahr ist das Kalenderjahr.<\/span><\/li>\n<li class=MsoNormal><span style='font-size:10.0pt;font-family:\"Maiandra GD\",\"sans-serif\"'>Der Mitgliedsbeitrag kann in Geld- oder Arbeitsleistung erbracht werden. Er ist viertelj\u00e4hrlich oder j\u00e4hrlich zu entrichten. Die H\u00f6he des Mindestbeitrages wird von der Mitgliederversammlung festgelegt.<\/span><\/li>\n<\/ol>\n<p><b><span style='font-size:10.0pt;font-family:\"Maiandra GD\",\"sans-serif\"'>5. Mitgliedschaft<\/span><\/b><\/p>\n<ol start=1 type=1>\n<li class=MsoNormal><span style='font-size:10.0pt;font-family:\"Maiandra GD\",\"sans-serif\"'>Mitglied kann jede nat\u00fcrliche Person, die das 18. Lebensjahr erreicht hat und jede juristische Person werden.<\/span><\/li>\n<li class=MsoNormal><span style='font-size:10.0pt;font-family:\"Maiandra GD\",\"sans-serif\"'>Stimmberechtigte Mitglieder k\u00f6nnen auch Jugendliche werden, die auf Vorschlag des Vorstandes das Stimmrecht erhalten. Das Einverst\u00e4ndnis eines Erziehungsberechtigten muss vorliegen.<\/span><\/li>\n<li class=MsoNormal><span style='font-size:10.0pt;font-family:\"Maiandra GD\",\"sans-serif\"'>F\u00f6rdermitglied kann werden, wer sich zum Vereinszweck bekennt und einen regelm\u00e4\u00dfigen Beitrag leistet. F\u00f6rdermitglieder sind nicht stimmberechtigt.<\/span><\/li>\n<li class=MsoNormal><span style='font-size:10.0pt;font-family:\"Maiandra GD\",\"sans-serif\"'>Der Beitritt ist schriftlich gegen\u00fcber dem Vorstand zu erkl\u00e4ren,<\/span><\/li>\n<li class=MsoNormal><span style='font-size:10.0pt;font-family:\"Maiandra GD\",\"sans-serif\"'>Personen, die sich um den Verein besonders verdient gemacht haben, k\u00f6nnen auf Vorschlag des Vorstandes von der Mitgliederversammlung zu Ehrenmitgliedern ernannt werden. Ehrenmitglieder sind beitragsfrei.<\/span><\/li>\n<li class=MsoNormal><span style='font-size:10.0pt;font-family:\"Maiandra GD\",\"sans-serif\"'>Die Mitgliedschaft endet durch Tod, Austritt, Ausschluss, Streichung von der Mitgliederliste oder durch Aufl\u00f6sung der juristischen Person.<\/span><\/li>\n<li class=MsoNormal><span style='font-size:10.0pt;font-family:\"Maiandra GD\",\"sans-serif\"'>Der Austritt kann nur schriftlich gegen\u00fcber dem Vorstand mit viertelj\u00e4hrlicher K\u00fcndigungsfrist zum Ende des Gesch\u00e4ftsjahres erkl\u00e4rt werden.<\/span><\/li>\n<li class=MsoNormal><span style='font-size:10.0pt;font-family:\"Maiandra GD\",\"sans-serif\"'>Der Ausschluss kann erfolgen, <br \/>\n     a) wenn ein Mitglied l\u00e4nger als zwei Jahre mit seinen Beitr\u00e4gen im R\u00fcckstand ist, <br \/>\n     b) wenn ein Mitglied den Zwecken des Vereins zuwiderhandelt,<\/span><\/li>\n<li class=MsoNormal><span style='font-size:10.0pt;font-family:\"Maiandra GD\",\"sans-serif\"'>\u00dcber den Ausschluss entscheidet der Vorstand. Berufung an die Mitgliederversammlung ist zul\u00e4ssig.<\/span><\/li>\n<\/ol>\n<p><b><span style='font-size:10.0pt;font-family:\"Maiandra GD\",\"sans-serif\"'>6. Organe<\/span><\/b><\/p>\n<p class=MsoNormal><span style='font-size:10.0pt;font-family:\"Maiandra GD\",\"sans-serif\"'>Organe des Vereines sind die Mitgliederversammlung und der Vorstand. Alle Inhaber von Vereins\u00e4mtern sind ehrenamtlich t\u00e4tig.<\/span><\/p>\n<p><b><span style='font-size:10.0pt;font-family:\"Maiandra GD\",\"sans-serif\"'>7. Vorstand<\/span><\/b><\/p>\n<ol start=1 type=1>\n<li class=MsoNormal><span style='font-size:10.0pt;font-family:\"Maiandra GD\",\"sans-serif\"'>Der Vorstand besteht aus dem Vorsitzenden, einem Stellvertreter, dem Schatzmeister und weiteren Fachberatern nach Bedarf.<\/span><\/li>\n<li class=MsoNormal><span style='font-size:10.0pt;font-family:\"Maiandra GD\",\"sans-serif\"'>Vorstand im Sinne von 526 BGB sind der Vorsitzende, der Stellvertreter und der Schatzmeister. Jeweils zwei der Vorstandsmitglieder vertreten den Verein gemeinsam.<\/span><\/li>\n<li class=MsoNormal><span style='font-size:10.0pt;font-family:\"Maiandra GD\",\"sans-serif\"'>Die Vorstandsmitglieder werden von der Mitgliederversammlung f\u00fcr die Dauer von zwei Jahren gew\u00e4hlt. Der alte Vorstand bleibt bis zur satzungsgem\u00e4\u00dfen Wahl eines neuen im Amt.<\/span><\/li>\n<li class=MsoNormal><span style='font-size:10.0pt;font-family:\"Maiandra GD\",\"sans-serif\"'>Der Vorstand ist f\u00fcr alle Aufgaben zust\u00e4ndig, die nicht ausdr\u00fccklich der Mitgliederversammlung zugewiesen sind. Der Vorstand hat auf jeder ordentlichen Mitgliederversammlung den Jahresbericht vorzulegen. <\/span><\/li>\n<li class=MsoNormal><span style='font-size:10.0pt;font-family:\"Maiandra GD\",\"sans-serif\"'>Vorstandssitzungen werden vom Vorsitzenden mindestens zweimal j\u00e4hrlich, sowie nach Bedarf einberufen. \u00dcber die Vorstandssitzungen ist ein Protokoll anzufertigen.<\/span><\/li>\n<\/ol>\n<p><b><span style='font-size:10.0pt;font-family:\"Maiandra GD\",\"sans-serif\"'>8. Mitgliederversammlung<\/span><\/b><\/p>\n<ol start=1 type=1>\n<li class=MsoNormal><span style='font-size:10.0pt;font-family:\"Maiandra GD\",\"sans-serif\"'>Die ordentliche Mitgliederversammlung findet einmal j\u00e4hrlich statt.<\/span><\/li>\n<li class=MsoNormal><span style='font-size:10.0pt;font-family:\"Maiandra GD\",\"sans-serif\"'>Dar\u00fcber hinaus erfolgt eine Einberufung, wenn dies die Vereinsinteressen gebieten oder ein F\u00fcnftel der Mitglieder dies unter Angabe des Zweckes verlangen.<\/span><\/li>\n<li class=MsoNormal><span style='font-size:10.0pt;font-family:\"Maiandra GD\",\"sans-serif\"'>Jede ordentliche Mitgliederversammlung wird unter Einhaltung einer Frist von drei Wochen durch Aushang im Abenteuerspielplatz Panama, durch die Ver\u00f6ffentlichung auf der Internetseite des ASP Panama und per Email an alle Vereinsmitglieder unter Beif\u00fcgung der Tagesordnung einberufen.<\/span><\/li>\n<li class=MsoNormal><span style='font-size:10.0pt;font-family:\"Maiandra GD\",\"sans-serif\"'>Die Mitgliederversammlung als das oberste Beschluss fassende Vereinsorgan ist f\u00fcr folgende Aufgaben zust\u00e4ndig: f\u00fcr die Wahl und die Entlastung des Vorstandes, die \u00c4nderungen der Satzung, die Festsetzung der Mitgliedsbeitr\u00e4ge, die Wahl der Kassenpr\u00fcfer und Aufl\u00f6sung des Vereins. Weiterhin ist f\u00fcr eine Erweiterung der Gesch\u00e4ftst\u00e4tigkeit nach Punkt 2.4 dieser Satzung die Zustimmung der Mitgliederversammlung zwingend notwendig.<\/span><\/li>\n<\/ol>\n<p><b><span style='font-size:10.0pt;font-family:\"Maiandra GD\",\"sans-serif\"'>9. Beschl\u00fcsse<\/span><\/b><\/p>\n<ol start=1 type=1>\n<li class=MsoNormal><span style='font-size:10.0pt;font-family:\"Maiandra GD\",\"sans-serif\"'>Soweit durch Satzung nichts anderes bestimmt ist, reicht zur Beschlussfassung der Mitgliederversammlung und des Vorstandes die einfache Mehrheit der abgegebenen Stimmen.<\/span><\/li>\n<li class=MsoNormal><span style='font-size:10.0pt;font-family:\"Maiandra GD\",\"sans-serif\"'>Zur Satzungs\u00e4nderung bedarf es einer Mehrheit von zwei Dritteln, zur \u00c4nderung des Vereinszweckes und der Erweiterung der Gesch\u00e4ftst\u00e4tigkeit einer Mehrheit von drei Vierteln der erschienenen Mitglieder.<\/span><\/li>\n<li class=MsoNormal><span style='font-size:10.0pt;font-family:\"Maiandra GD\",\"sans-serif\"'>Beschl\u00fcsse sind schriftlich abzufassen. Sie sind vom Versammlungsleiter und dem Protokollanten zu unterzeichnen.<\/span><\/li>\n<li class=MsoNormal><span style='font-size:10.0pt;font-family:\"Maiandra GD\",\"sans-serif\"'>Der Vorstand ist nur bei Anwesenheit von mindestens zwei Mitgliedern beschlussf\u00e4hig. Bei Stimmengleichheit entscheidet die Stimme des Vorsitzenden, bei dessen Verhinderung die des Stellvertreters.<\/span><\/li>\n<li class=MsoNormal><span style='font-size:10.0pt;font-family:\"Maiandra GD\",\"sans-serif\"'>Der Vorstand ist verpflichtet, Satzungs\u00e4nderungen, Vorstands\u00e4nderungen und Aufl\u00f6sung des Vereins dem Amtsgericht und dem Finanzamt mitzuteilen.<\/span><\/li>\n<li class=MsoNormal><span style='font-size:10.0pt;font-family:\"Maiandra GD\",\"sans-serif\"'>Die Kassenpr\u00fcfung erfolgt j\u00e4hrlich durch zwei Kassenpr\u00fcfer, die dem Vorstand nicht angeh\u00f6ren d\u00fcrfen, Die Kassenpr\u00fcfer tragen die Kassenberichte der ordentlichen Mitgliederversammlung vor. Die Kassenpr\u00fcfer werden j\u00e4hrlich gew\u00e4hlt.<\/span><\/li>\n<\/ol>\n<p><b><span style='font-size:10.0pt;font-family:\"Maiandra GD\",\"sans-serif\"'>10. Aufl\u00f6sung des Vereins<\/span><\/b><\/p>\n<p><span style='font-size:10.0pt;font-family:\"Maiandra GD\",\"sans-serif\"'>Bei Aufl\u00f6sung des Vereins oder Wegfall seines bisherigen Zweckes f\u00e4llt das Vereinsverm\u00f6gen an der \u201eBund der Jugendfarmen und Aktivspielpl\u00e4tze e.V.\u201d mit Sitz in Stuttgart, der es unmittelbar und ausschlie\u00dflich f\u00fcr gemeinn\u00fctzige Zwecke zu verwenden hat.<\/p>\n<p><\/span><\/p>\n<p><span style='font-size:10.0pt;font-family:\"Maiandra GD\",\"sans-serif\"'>Die vorstehende Satzung wurde am 18.03.2005 in Dresden errichtet und am 31.01.2006, am 20.03.2010 sowie am 02.05.2015 ge\u00e4ndert.<\/span><\/p>\n","protected":false},"excerpt":{"rendered":"<p>Die Satzung kann auch als pdf-Dokument heruntergeladen werden 1. Name und Sitz Der Verein f\u00fchrt den Namen \u201ePANAMA&quot;; im folgenden Verein genannt. Er hat seinen Sitz in Dresden. Der Verein soll in das Vereinsregister eingetragen werden und f\u00fchrt nach der Eintragung den Zusatz \u201ee.V.\u201c 2. Vereinszweck Zweck des Vereines ist die F\u00f6rderung des Abenteuerspielplatzes Panama [&hellip;]<\/p>\n","protected":false},"author":1,"featured_media":0,"parent":22,"menu_order":2,"comment_status":"closed","ping_status":"closed","template":"","meta":{"ngg_post_thumbnail":0,"footnotes":""},"class_list":["post-26","page","type-page","status-publish","hentry"],"_links":{"self":[{"href":"http:\/\/panama.treberhilfe-dresden.de\/index.php?rest_route=\/wp\/v2\/pages\/26"}],"collection":[{"href":"http:\/\/panama.treberhilfe-dresden.de\/index.php?rest_route=\/wp\/v2\/pages"}],"about":[{"href":"http:\/\/panama.treberhilfe-dresden.de\/index.php?rest_route=\/wp\/v2\/types\/page"}],"author":[{"embeddable":true,"href":"http:\/\/panama.treberhilfe-dresden.de\/index.php?rest_route=\/wp\/v2\/users\/1"}],"replies":[{"embeddable":true,"href":"http:\/\/panama.treberhilfe-dresden.de\/index.php?rest_route=%2Fwp%2Fv2%2Fcomments&post=26"}],"version-history":[{"count":5,"href":"http:\/\/panama.treberhilfe-dresden.de\/index.php?rest_route=\/wp\/v2\/pages\/26\/revisions"}],"predecessor-version":[{"id":2017,"href":"http:\/\/panama.treberhilfe-dresden.de\/index.php?rest_route=\/wp\/v2\/pages\/26\/revisions\/2017"}],"up":[{"embeddable":true,"href":"http:\/\/panama.treberhilfe-dresden.de\/index.php?rest_route=\/wp\/v2\/pages\/22"}],"wp:attachment":[{"href":"http:\/\/panama.treberhilfe-dresden.de\/index.php?rest_route=%2Fwp%2Fv2%2Fmedia&parent=26"}],"curies":[{"name":"wp","href":"https:\/\/api.w.org\/{rel}","templated":true}]}}