{"id":24,"date":"2012-11-28T12:13:48","date_gmt":"2012-11-28T12:13:48","guid":{"rendered":"http:\/\/panama.treberhilfe-dresden.de\/?page_id=24"},"modified":"2023-07-23T13:40:33","modified_gmt":"2023-07-23T13:40:33","slug":"mitgliedschaft","status":"publish","type":"page","link":"http:\/\/panama.treberhilfe-dresden.de\/?page_id=24","title":{"rendered":"Mitgliedschaft"},"content":{"rendered":"<p>Wir freuen uns stets \u00fcber neue Mitglieder, die als F\u00f6rdermitglied oder mit tatkr\u00e4ftiger Unterst\u00fctzung die Arbeit des PANAMA e.V. zugunsten des ASP Panama unterst\u00fctzen.<\/p>\n<p><strong style=\"line-height: 1.714285714; font-size: 1rem;\">Mitgliedsbeitr\u00e4ge (unver\u00e4ndert seit M\u00e4rz 2005):<\/strong><\/p>\n<ul>\n<li>Beitragsklasse I : 7,50 Euro pro Quartal<\/li>\n<li>Beitragsklasse II : 15,00 Euro pro Quartal<\/li>\n<li>Beitragsklasse III: 30,00 Euro pro Quartal<\/li>\n<li>Beitragsklasse VI: ein beliebig h\u00f6herer Beitrag<\/li>\n<\/ul>\n<p><strong style=\"line-height: 1.714285714; font-size: 1rem;\">Beitrittsformular<\/strong><\/p>\n<p>Hier kann das aktuelle Beitrittsformular im pdf-Format heruntergeladen werden:<\/p>\n<p><a href=\"http:\/\/panama.treberhilfe-dresden.de\/wp-content\/uploads\/2023\/07\/2023-Antrag-auf-Mitgliedschaft_PANAMA-eV-1.pdf\">Antrag auf Mitgliedschaft im PANAMA eV<\/a><\/p>\n<p>Bitte f\u00fcllen Sie dieses aus und \u2026<\/p>\n<ul>\n<li>geben Sie es auf dem ASP Panama ab.<\/li>\n<li>werfen es selbst in den Briefkasten des ASP Panama.<\/li>\n<li>senden es per Post an den PANAMA e.V. (Adresse steht auf der Beitrittserkl\u00e4rung).<\/li>\n<li>schicken Sie es uns per Email an&nbsp;<em>verein [@] asp-panama.de<\/em>.<\/li>\n<li>senden Sie uns das Formular per Fax an 0351 &#8211; 219 77 80.<\/li>\n<\/ul>\n<p>Vielen Dank.<\/p>\n<p>Bei der n\u00e4chstfolgenden Vorstandssitzung wird \u00fcber Ihre Aufnahme im PANAMA e.V. entschieden. Der Vorstand des PANAMA e.V. wird sich dann mit Ihnen in Verbindung setzen.<\/p>\n<p>&nbsp;<\/p>\n","protected":false},"excerpt":{"rendered":"<p>Wir freuen uns stets \u00fcber neue Mitglieder, die als F\u00f6rdermitglied oder mit tatkr\u00e4ftiger Unterst\u00fctzung die Arbeit des PANAMA e.V. zugunsten des ASP Panama unterst\u00fctzen. Mitgliedsbeitr\u00e4ge (unver\u00e4ndert seit M\u00e4rz 2005): Beitragsklasse I : 7,50 Euro pro Quartal Beitragsklasse II : 15,00 Euro pro Quartal Beitragsklasse III: 30,00 Euro pro Quartal Beitragsklasse VI: ein beliebig h\u00f6herer Beitrag [&hellip;]<\/p>\n","protected":false},"author":1,"featured_media":0,"parent":22,"menu_order":1,"comment_status":"closed","ping_status":"closed","template":"","meta":{"ngg_post_thumbnail":0,"footnotes":""},"class_list":["post-24","page","type-page","status-publish","hentry"],"_links":{"self":[{"href":"http:\/\/panama.treberhilfe-dresden.de\/index.php?rest_route=\/wp\/v2\/pages\/24"}],"collection":[{"href":"http:\/\/panama.treberhilfe-dresden.de\/index.php?rest_route=\/wp\/v2\/pages"}],"about":[{"href":"http:\/\/panama.treberhilfe-dresden.de\/index.php?rest_route=\/wp\/v2\/types\/page"}],"author":[{"embeddable":true,"href":"http:\/\/panama.treberhilfe-dresden.de\/index.php?rest_route=\/wp\/v2\/users\/1"}],"replies":[{"embeddable":true,"href":"http:\/\/panama.treberhilfe-dresden.de\/index.php?rest_route=%2Fwp%2Fv2%2Fcomments&post=24"}],"version-history":[{"count":12,"href":"http:\/\/panama.treberhilfe-dresden.de\/index.php?rest_route=\/wp\/v2\/pages\/24\/revisions"}],"predecessor-version":[{"id":3616,"href":"http:\/\/panama.treberhilfe-dresden.de\/index.php?rest_route=\/wp\/v2\/pages\/24\/revisions\/3616"}],"up":[{"embeddable":true,"href":"http:\/\/panama.treberhilfe-dresden.de\/index.php?rest_route=\/wp\/v2\/pages\/22"}],"wp:attachment":[{"href":"http:\/\/panama.treberhilfe-dresden.de\/index.php?rest_route=%2Fwp%2Fv2%2Fmedia&parent=24"}],"curies":[{"name":"wp","href":"https:\/\/api.w.org\/{rel}","templated":true}]}}