{"id":22,"date":"2012-11-28T12:13:04","date_gmt":"2012-11-28T12:13:04","guid":{"rendered":"http:\/\/panama.treberhilfe-dresden.de\/?page_id=22"},"modified":"2024-02-02T14:37:24","modified_gmt":"2024-02-02T14:37:24","slug":"panama-e-v","status":"publish","type":"page","link":"http:\/\/panama.treberhilfe-dresden.de\/?page_id=22","title":{"rendered":"PANAMA e.V."},"content":{"rendered":"<p>Der gemeinn\u00fctzige Verein PANAMA e.V. hat sich im M\u00e4rz 2005 mit der Intention gegr\u00fcndet, den AbenteuerSpielPlatz (ASP) Panama <img loading=\"lazy\" decoding=\"async\" class=\"alignright size-medium wp-image-875\" src=\"http:\/\/panama.treberhilfe-dresden.de\/wp-content\/uploads\/2012\/11\/panama_eV_klein-300x132.jpg\" alt=\"panama_eV_klein\" width=\"300\" height=\"132\" srcset=\"http:\/\/panama.treberhilfe-dresden.de\/wp-content\/uploads\/2012\/11\/panama_eV_klein-300x132.jpg 300w, http:\/\/panama.treberhilfe-dresden.de\/wp-content\/uploads\/2012\/11\/panama_eV_klein.jpg 579w\" sizes=\"(max-width: 300px) 100vw, 300px\" \/>als Offenes Angebot f\u00fcr Kinder und Jugendliche in seiner Einzigartigkeit in der Dresdner Neustadt zu erhalten und zu f\u00f6rdern.<\/p>\n<p>Die Offene Kinder- und Jugendarbeit des ASP Panama fordert von den Mitarbeitern ein hohes Ma\u00df an sozialp\u00e4dagogischer Kompetenz \u2013 vor allem, weil die soziale Arbeit oft in recht speziellen Bereichen (mit Tieren, alten Handwerkstechniken, Budenbau, Elementen von Naturp\u00e4dagogik) agiert. Dies ist \u2013 auch wegen des hohen pflegerischen Aufwandes der Tierhaltung und der Arbeit f\u00fcr die Verwaltung des Platzes \u2013 ohne viele ehrenamtliche Helfer nicht m\u00f6glich.<\/p>\n<p>So hat sich \u00fcber viele Jahre ein ganz eigenst\u00e4ndiges, sehr lebendiges Umfeld durch freiwilliges Engagement von Freunden, F\u00f6rderern und Ehrenamtlichen entwickelt. Im F\u00f6rderverein PANAMA e.V. werden diese Kr\u00e4fte geb\u00fcndelt.<\/p>\n<p>Der PANAMA e.V. unterst\u00fctzt die Arbeit des ASP Panama seit 2005 sehr erfolgreich u.a. durch F\u00f6rderung \u2026<\/p>\n<p>\u2026 spezieller Angebote, Projekte und Ferienfreizeiten,<br \/>\n\u2026 der heilp\u00e4dagogischen, therapeutischen und p\u00e4dagogischen Arbeit mit Pferden und anderen Tieren,<br \/>\n\u2026 von Ausstattungsgegenst\u00e4nden und Materialien.<\/p>\n<p>\u00dcber Handwerk, Natur und Tiere kann so auch zuk\u00fcnftig soziale Arbeit mit Kindern und Jugendlichen erm\u00f6glicht werden.<\/p>\n<p><strong>Der aktuelle Vorstand (seit Mai 2023):<\/strong><\/p>\n<ul>\n<li>Melanie Haase<\/li>\n<li>Stephen Willaredt<\/li>\n<li>Birgit Taube<\/li>\n<li>Fabian Bl\u00fcsch<\/li>\n<li>Aline Wild<\/li>\n<li>Anne Papendick<\/li>\n<\/ul>\n<p><strong>Wie k\u00f6nnen Sie helfen?<\/strong><\/p>\n<p>\u2026 mit einer <a href=\"http:\/\/panama.treberhilfe-dresden.de\/?page_id=24\">aktiven Mitgliedschaft<\/a> im PANAMA e.V.!<br \/>\n\u2026 mit einer <a href=\"http:\/\/panama.treberhilfe-dresden.de\/?page_id=24\">F\u00f6rdermitgliedschaft<\/a> im PANAMA e.V.!<br \/>\n\u2026 mit Sach- oder Geldspenden! (Spendenquittungen oder Zweckbindung auf Anfrage m\u00f6glich)<\/p>\n<p><strong><img loading=\"lazy\" decoding=\"async\" class=\"aligncenter size-full wp-image-356\" src=\"http:\/\/panama.treberhilfe-dresden.de\/wp-content\/uploads\/2018\/03\/Flyer_2017_Kontoverbindung.png\" alt=\"Flyer_Panama_eV_2012_h_web\" width=\"567\" height=\"404\"><\/strong><\/p>\n","protected":false},"excerpt":{"rendered":"<p>Der gemeinn\u00fctzige Verein PANAMA e.V. hat sich im M\u00e4rz 2005 mit der Intention gegr\u00fcndet, den AbenteuerSpielPlatz (ASP) Panama als Offenes Angebot f\u00fcr Kinder und Jugendliche in seiner Einzigartigkeit in der Dresdner Neustadt zu erhalten und zu f\u00f6rdern. Die Offene Kinder- und Jugendarbeit des ASP Panama fordert von den Mitarbeitern ein hohes Ma\u00df an sozialp\u00e4dagogischer Kompetenz [&hellip;]<\/p>\n","protected":false},"author":1,"featured_media":0,"parent":99,"menu_order":1,"comment_status":"closed","ping_status":"closed","template":"","meta":{"ngg_post_thumbnail":0,"footnotes":""},"class_list":["post-22","page","type-page","status-publish","hentry"],"_links":{"self":[{"href":"http:\/\/panama.treberhilfe-dresden.de\/index.php?rest_route=\/wp\/v2\/pages\/22"}],"collection":[{"href":"http:\/\/panama.treberhilfe-dresden.de\/index.php?rest_route=\/wp\/v2\/pages"}],"about":[{"href":"http:\/\/panama.treberhilfe-dresden.de\/index.php?rest_route=\/wp\/v2\/types\/page"}],"author":[{"embeddable":true,"href":"http:\/\/panama.treberhilfe-dresden.de\/index.php?rest_route=\/wp\/v2\/users\/1"}],"replies":[{"embeddable":true,"href":"http:\/\/panama.treberhilfe-dresden.de\/index.php?rest_route=%2Fwp%2Fv2%2Fcomments&post=22"}],"version-history":[{"count":14,"href":"http:\/\/panama.treberhilfe-dresden.de\/index.php?rest_route=\/wp\/v2\/pages\/22\/revisions"}],"predecessor-version":[{"id":3723,"href":"http:\/\/panama.treberhilfe-dresden.de\/index.php?rest_route=\/wp\/v2\/pages\/22\/revisions\/3723"}],"up":[{"embeddable":true,"href":"http:\/\/panama.treberhilfe-dresden.de\/index.php?rest_route=\/wp\/v2\/pages\/99"}],"wp:attachment":[{"href":"http:\/\/panama.treberhilfe-dresden.de\/index.php?rest_route=%2Fwp%2Fv2%2Fmedia&parent=22"}],"curies":[{"name":"wp","href":"https:\/\/api.w.org\/{rel}","templated":true}]}}