{"id":1938,"date":"2018-02-27T15:44:31","date_gmt":"2018-02-27T15:44:31","guid":{"rendered":"http:\/\/panama.treberhilfe-dresden.de\/?page_id=1938"},"modified":"2019-01-03T07:49:36","modified_gmt":"2019-01-03T07:49:36","slug":"inklusion","status":"publish","type":"page","link":"http:\/\/panama.treberhilfe-dresden.de\/?page_id=1938","title":{"rendered":"Inklusion"},"content":{"rendered":"<p>\u201eInklusion ist eine Chance f\u00fcr Vielfalt. Jeder Mensch ist einzigartig, hat etwas&nbsp;besonderes, das andere wenig oder gar nicht haben. Gelingt es einer Gemeinschaft,&nbsp;ihre Vielfalt wahrzunehmen, wert zu sch\u00e4tzen und zu nutzen, wird sie erfahrener&nbsp;und kompetenter\u201c (vgl Sp\u00f6rke 2012:S.6)<\/p>\n<p>Auf dem Abenteuerspielplatz Panama ist jede\/r herzlich willkommen sich mit seinen&nbsp;F\u00e4higkeiten und Ideen einzubringen. Kinder unterschiedlicher Kulturen, sozialer&nbsp;Hintergr\u00fcnde, unterschiedlicher geistiger und k\u00f6rperlicher Entwicklung k\u00f6nnen hier&nbsp;gemeinsam spielen, die Tiere versorgen, ihre Freizeit verbringen und Freunde&nbsp;treffen.<\/p>\n<p><a href=\"http:\/\/panama.treberhilfe-dresden.de\/wp-content\/uploads\/2019\/01\/Angelina3klein.jpg\"><img loading=\"lazy\" decoding=\"async\" class=\"size-medium wp-image-2198 alignright\" src=\"http:\/\/panama.treberhilfe-dresden.de\/wp-content\/uploads\/2019\/01\/Angelina3klein-171x300.jpg\" alt=\"\" width=\"171\" height=\"300\" srcset=\"http:\/\/panama.treberhilfe-dresden.de\/wp-content\/uploads\/2019\/01\/Angelina3klein-171x300.jpg 171w, http:\/\/panama.treberhilfe-dresden.de\/wp-content\/uploads\/2019\/01\/Angelina3klein-768x1344.jpg 768w, http:\/\/panama.treberhilfe-dresden.de\/wp-content\/uploads\/2019\/01\/Angelina3klein-585x1024.jpg 585w, http:\/\/panama.treberhilfe-dresden.de\/wp-content\/uploads\/2019\/01\/Angelina3klein-624x1092.jpg 624w\" sizes=\"(max-width: 171px) 100vw, 171px\" \/><\/a>Inklusion bedeutet f\u00fcr uns, dass alle Menschen das gleiche Recht auf volle Teilhabe&nbsp;an der Gesellschaft haben und somit auch alle Menschen gleicherma\u00dfen auf dem&nbsp;ASP Panama willkommen sind. Unser Ziel ist, dass junge Menschen mit und ohne&nbsp;Beeintr\u00e4chtigung sich auf dem ASP Panama begegnen und miteinander spielen&nbsp;k\u00f6nnen. Dabei soll jeder Mensch so akzeptiert werden, wie er ist und die&nbsp;Unterschiedlichkeit zur Normalit\u00e4t werden. Wir achten auf einen gleichberechtigten,<br \/>\nachtsamen und verantwortungsvollen Umgang miteinander, so wie mit den Tieren&nbsp;und der Natur.<\/p>\n<p>Wir arbeiten best\u00e4ndig daran Barrieren abzubauen und die Zug\u00e4nglichkeit des&nbsp;Platzes zu verbessern. Mittlerweile haben wir eine barrierefreie Toilette und einen&nbsp;barrierefreien Zugang zu den Spielr\u00e4umen. Weitere Ma\u00dfnahmen sollen folgen.&nbsp;<\/p>\n<p>Wenn Ihr Kind den ASP Panama gerne besuchen m\u00f6chte und dazu Unterst\u00fctzung&nbsp;braucht, sprechen Sie uns gerne an! Wir finden eine L\u00f6sung!<\/p>\n<p><a href=\"http:\/\/panama.treberhilfe-dresden.de\/wp-content\/uploads\/2019\/01\/alle3logo.jpg\"><img loading=\"lazy\" decoding=\"async\" class=\"aligncenter wp-image-2204 size-full\" src=\"http:\/\/panama.treberhilfe-dresden.de\/wp-content\/uploads\/2019\/01\/alle3logo.jpg\" alt=\"\" width=\"766\" height=\"269\" srcset=\"http:\/\/panama.treberhilfe-dresden.de\/wp-content\/uploads\/2019\/01\/alle3logo.jpg 766w, http:\/\/panama.treberhilfe-dresden.de\/wp-content\/uploads\/2019\/01\/alle3logo-300x105.jpg 300w, http:\/\/panama.treberhilfe-dresden.de\/wp-content\/uploads\/2019\/01\/alle3logo-624x219.jpg 624w\" sizes=\"(max-width: 766px) 100vw, 766px\" \/><\/a><\/p>\n","protected":false},"excerpt":{"rendered":"<p>\u201eInklusion ist eine Chance f\u00fcr Vielfalt. Jeder Mensch ist einzigartig, hat etwas&nbsp;besonderes, das andere wenig oder gar nicht haben. Gelingt es einer Gemeinschaft,&nbsp;ihre Vielfalt wahrzunehmen, wert zu sch\u00e4tzen und zu nutzen, wird sie erfahrener&nbsp;und kompetenter\u201c (vgl Sp\u00f6rke 2012:S.6) Auf dem Abenteuerspielplatz Panama ist jede\/r herzlich willkommen sich mit seinen&nbsp;F\u00e4higkeiten und Ideen einzubringen. Kinder unterschiedlicher Kulturen, [&hellip;]<\/p>\n","protected":false},"author":1,"featured_media":0,"parent":8,"menu_order":1,"comment_status":"closed","ping_status":"closed","template":"","meta":{"ngg_post_thumbnail":0,"footnotes":""},"class_list":["post-1938","page","type-page","status-publish","hentry"],"_links":{"self":[{"href":"http:\/\/panama.treberhilfe-dresden.de\/index.php?rest_route=\/wp\/v2\/pages\/1938"}],"collection":[{"href":"http:\/\/panama.treberhilfe-dresden.de\/index.php?rest_route=\/wp\/v2\/pages"}],"about":[{"href":"http:\/\/panama.treberhilfe-dresden.de\/index.php?rest_route=\/wp\/v2\/types\/page"}],"author":[{"embeddable":true,"href":"http:\/\/panama.treberhilfe-dresden.de\/index.php?rest_route=\/wp\/v2\/users\/1"}],"replies":[{"embeddable":true,"href":"http:\/\/panama.treberhilfe-dresden.de\/index.php?rest_route=%2Fwp%2Fv2%2Fcomments&post=1938"}],"version-history":[{"count":7,"href":"http:\/\/panama.treberhilfe-dresden.de\/index.php?rest_route=\/wp\/v2\/pages\/1938\/revisions"}],"predecessor-version":[{"id":2205,"href":"http:\/\/panama.treberhilfe-dresden.de\/index.php?rest_route=\/wp\/v2\/pages\/1938\/revisions\/2205"}],"up":[{"embeddable":true,"href":"http:\/\/panama.treberhilfe-dresden.de\/index.php?rest_route=\/wp\/v2\/pages\/8"}],"wp:attachment":[{"href":"http:\/\/panama.treberhilfe-dresden.de\/index.php?rest_route=%2Fwp%2Fv2%2Fmedia&parent=1938"}],"curies":[{"name":"wp","href":"https:\/\/api.w.org\/{rel}","templated":true}]}}