{"id":175,"date":"2012-12-06T08:03:05","date_gmt":"2012-12-06T08:03:05","guid":{"rendered":"http:\/\/panama.treberhilfe-dresden.de\/?page_id=175"},"modified":"2023-05-02T08:42:13","modified_gmt":"2023-05-02T08:42:13","slug":"steckbriefe-tiere","status":"publish","type":"page","link":"http:\/\/panama.treberhilfe-dresden.de\/?page_id=175","title":{"rendered":"Steckbriefe der Tiere"},"content":{"rendered":"\n<figure class=\"wp-block-gallery alignwide has-nested-images columns-3 wp-block-gallery-1 is-layout-flex wp-block-gallery-is-layout-flex\">\n<figure class=\"wp-block-image size-large\"><img loading=\"lazy\" decoding=\"async\" width=\"1239\" height=\"1754\" data-id=\"2740\" src=\"http:\/\/panama.treberhilfe-dresden.de\/wp-content\/uploads\/2020\/09\/Brig.jpg\" alt=\"\" class=\"wp-image-2740\"\/><\/figure>\n\n\n\n<figure class=\"wp-block-image size-large\"><img loading=\"lazy\" decoding=\"async\" width=\"1239\" height=\"1754\" data-id=\"2741\" src=\"http:\/\/panama.treberhilfe-dresden.de\/wp-content\/uploads\/2020\/09\/Stanlay.jpg\" alt=\"\" class=\"wp-image-2741\"\/><\/figure>\n\n\n\n<figure class=\"wp-block-image size-large\"><img loading=\"lazy\" decoding=\"async\" width=\"1239\" height=\"1754\" data-id=\"2742\" src=\"http:\/\/panama.treberhilfe-dresden.de\/wp-content\/uploads\/2020\/09\/Tommy.jpg\" alt=\"\" class=\"wp-image-2742\"\/><\/figure>\n\n\n\n<figure class=\"wp-block-image size-large\"><img loading=\"lazy\" decoding=\"async\" width=\"518\" height=\"721\" data-id=\"2745\" src=\"http:\/\/panama.treberhilfe-dresden.de\/wp-content\/uploads\/2020\/09\/granny.jpg\" alt=\"\" class=\"wp-image-2745\"\/><\/figure>\n\n\n\n<figure class=\"wp-block-image size-large\"><img loading=\"lazy\" decoding=\"async\" width=\"501\" height=\"716\" data-id=\"2749\" src=\"http:\/\/panama.treberhilfe-dresden.de\/wp-content\/uploads\/2020\/09\/schnatz.jpg\" alt=\"\" class=\"wp-image-2749\"\/><\/figure>\n\n\n\n<figure class=\"wp-block-image size-large\"><img loading=\"lazy\" decoding=\"async\" width=\"476\" height=\"685\" data-id=\"2751\" src=\"http:\/\/panama.treberhilfe-dresden.de\/wp-content\/uploads\/2020\/09\/bruno.jpg\" alt=\"\" class=\"wp-image-2751\"\/><\/figure>\n\n\n\n<figure class=\"wp-block-image size-large\"><img loading=\"lazy\" decoding=\"async\" width=\"560\" height=\"700\" data-id=\"2752\" src=\"http:\/\/panama.treberhilfe-dresden.de\/wp-content\/uploads\/2020\/09\/olaf.jpg\" alt=\"\" class=\"wp-image-2752\"\/><\/figure>\n<\/figure>\n\n\n<p><strong>Unsere Tiere freuen sich \u00fcber folgende Futterspenden:<\/strong><\/p>\n\n\n<div class=\"wp-block-columns alignwide is-layout-flex wp-container-core-columns-is-layout-1 wp-block-columns-is-layout-flex\">\n<div class=\"wp-block-column is-layout-flow wp-block-column-is-layout-flow\">\n<p><em><strong>Gem\u00fcse (Das fressen die Tiere am liebsten):<\/strong><\/em><\/p>\n\n\n\n<ul class=\"wp-block-list\">\n<li>M\u00f6hren und M\u00f6hrenkraut<\/li>\n\n\n\n<li>Salat<\/li>\n\n\n\n<li>Rote Beete<\/li>\n\n\n\n<li>L\u00f6wenzahn<\/li>\n\n\n\n<li>Gurke<\/li>\n\n\n\n<li>Fenchel (Knolle und Kraut)<\/li>\n\n\n\n<li>Kohlrabi (auch Bl\u00e4tter)<\/li>\n\n\n\n<li>Rucola<\/li>\n\n\n\n<li>Paprika<\/li>\n<\/ul>\n\n\n\n<p><em><strong>Das m\u00f6gen sie auch:<\/strong><\/em><\/p>\n\n\n\n<ul class=\"wp-block-list\">\n<li>Blumenkohl (auch Bl\u00e4tter)<\/li>\n\n\n\n<li>Brokkoli (auch Bl\u00e4tter)<\/li>\n\n\n\n<li>K\u00fcrbis<\/li>\n\n\n\n<li>Mais<\/li>\n\n\n\n<li>Mangold<\/li>\n\n\n\n<li>Gr\u00fcnkohl<\/li>\n\n\n\n<li>Radieschen<\/li>\n\n\n\n<li>Rettich<\/li>\n\n\n\n<li>Rosenkohl <\/li>\n<\/ul>\n<\/div>\n\n\n\n<div class=\"wp-block-column is-layout-flow wp-block-column-is-layout-flow\">\n<figure class=\"wp-block-image size-large\"><img loading=\"lazy\" decoding=\"async\" width=\"814\" height=\"975\" src=\"http:\/\/panama.treberhilfe-dresden.de\/wp-content\/uploads\/2012\/12\/symbol-futterkorb2.jpg\" alt=\"\" class=\"wp-image-293\" srcset=\"http:\/\/panama.treberhilfe-dresden.de\/wp-content\/uploads\/2012\/12\/symbol-futterkorb2.jpg 814w, http:\/\/panama.treberhilfe-dresden.de\/wp-content\/uploads\/2012\/12\/symbol-futterkorb2-250x300.jpg 250w, http:\/\/panama.treberhilfe-dresden.de\/wp-content\/uploads\/2012\/12\/symbol-futterkorb2-624x747.jpg 624w\" sizes=\"(max-width: 814px) 100vw, 814px\" \/><\/figure>\n\n\n\n<p><\/p>\n<\/div>\n\n\n\n<div class=\"wp-block-column is-layout-flow wp-block-column-is-layout-flow\">\n<p><em><strong>Obst:<\/strong><\/em><\/p>\n\n\n\n<ul class=\"wp-block-list\">\n<li>\u00c4pfel<\/li>\n\n\n\n<li>Bananen<\/li>\n\n\n\n<li>Birnen<\/li>\n\n\n\n<li>Trauben<\/li>\n\n\n\n<li>Pflaumen<\/li>\n\n\n\n<li>Aprikosen<\/li>\n<\/ul>\n\n\n\n<p><em><strong>Sonstiges:<\/strong><\/em><\/p>\n\n\n\n<ul class=\"wp-block-list\">\n<li>Haferflocken<\/li>\n\n\n\n<li>Getreide<\/li>\n\n\n\n<li>N\u00fcsse<\/li>\n\n\n\n<li>Zweige von Obstb\u00e4umen oder Weide zum Knabbern<\/li>\n<\/ul>\n<\/div>\n<\/div>\n\n\n\n<div class=\"wp-block-columns alignwide are-vertically-aligned-center is-layout-flex wp-container-core-columns-is-layout-2 wp-block-columns-is-layout-flex\">\n<div class=\"wp-block-column is-vertically-aligned-center is-layout-flow wp-block-column-is-layout-flow\" style=\"flex-basis:50%\">\n<p> Eine Bitte: <strong>Brot und Kartoffelschalen brauchen wir nicht!&nbsp;<\/strong>Die Tiere sollen es nicht fressen, weil es  f\u00fcr die Tiere ungesund ist, dick macht und Durchfall erzeugen kann. <\/p>\n<\/div>\n\n\n\n<div class=\"wp-block-column is-vertically-aligned-center is-layout-flow wp-block-column-is-layout-flow\" style=\"flex-basis:50%\">\n<p><strong>Ihre Futterspende k\u00f6nnen Sie gern pers\u00f6nlich bei uns abgeben oder in die gro\u00dfe Kiste vor dem Tor des ASP PANAMA ablegen. Vielen Dank!<\/strong> <\/p>\n<\/div>\n<\/div>\n\n\n\n<p><\/p>\n","protected":false},"excerpt":{"rendered":"<p>Unsere Tiere freuen sich \u00fcber folgende Futterspenden: Gem\u00fcse (Das fressen die Tiere am liebsten): Das m\u00f6gen sie auch: Obst: Sonstiges: Eine Bitte: Brot und Kartoffelschalen brauchen wir nicht!&nbsp;Die Tiere sollen es nicht fressen, weil es f\u00fcr die Tiere ungesund ist, dick macht und Durchfall erzeugen kann. Ihre Futterspende k\u00f6nnen Sie gern pers\u00f6nlich bei uns abgeben [&hellip;]<\/p>\n","protected":false},"author":1,"featured_media":0,"parent":8,"menu_order":3,"comment_status":"closed","ping_status":"closed","template":"","meta":{"ngg_post_thumbnail":0,"footnotes":""},"class_list":["post-175","page","type-page","status-publish","hentry"],"_links":{"self":[{"href":"http:\/\/panama.treberhilfe-dresden.de\/index.php?rest_route=\/wp\/v2\/pages\/175"}],"collection":[{"href":"http:\/\/panama.treberhilfe-dresden.de\/index.php?rest_route=\/wp\/v2\/pages"}],"about":[{"href":"http:\/\/panama.treberhilfe-dresden.de\/index.php?rest_route=\/wp\/v2\/types\/page"}],"author":[{"embeddable":true,"href":"http:\/\/panama.treberhilfe-dresden.de\/index.php?rest_route=\/wp\/v2\/users\/1"}],"replies":[{"embeddable":true,"href":"http:\/\/panama.treberhilfe-dresden.de\/index.php?rest_route=%2Fwp%2Fv2%2Fcomments&post=175"}],"version-history":[{"count":25,"href":"http:\/\/panama.treberhilfe-dresden.de\/index.php?rest_route=\/wp\/v2\/pages\/175\/revisions"}],"predecessor-version":[{"id":3524,"href":"http:\/\/panama.treberhilfe-dresden.de\/index.php?rest_route=\/wp\/v2\/pages\/175\/revisions\/3524"}],"up":[{"embeddable":true,"href":"http:\/\/panama.treberhilfe-dresden.de\/index.php?rest_route=\/wp\/v2\/pages\/8"}],"wp:attachment":[{"href":"http:\/\/panama.treberhilfe-dresden.de\/index.php?rest_route=%2Fwp%2Fv2%2Fmedia&parent=175"}],"curies":[{"name":"wp","href":"https:\/\/api.w.org\/{rel}","templated":true}]}}