{"id":12,"date":"2012-11-28T12:10:13","date_gmt":"2012-11-28T12:10:13","guid":{"rendered":"http:\/\/panama.treberhilfe-dresden.de\/?page_id=12"},"modified":"2022-03-21T09:46:00","modified_gmt":"2022-03-21T09:46:00","slug":"konzept","status":"publish","type":"page","link":"http:\/\/panama.treberhilfe-dresden.de\/?page_id=12","title":{"rendered":"Kurzkonzept ASP"},"content":{"rendered":"<p><b>ASP PANAMA<\/b> \u2013 der Abenteuerspielplatz der TREBERHILFE DRESDEN e.V.<br>Kurzkonzeption<\/p>\n<p><b>1. Einleitung<\/b><\/p>\n<p><i><img loading=\"lazy\" decoding=\"async\" class=\"alignright size-medium wp-image-314\" src=\"http:\/\/panama.treberhilfe-dresden.de\/wp-content\/uploads\/2012\/11\/K01-300x225.jpg\" alt=\"K01\" width=\"300\" height=\"225\" srcset=\"http:\/\/panama.treberhilfe-dresden.de\/wp-content\/uploads\/2012\/11\/K01-300x225.jpg 300w, http:\/\/panama.treberhilfe-dresden.de\/wp-content\/uploads\/2012\/11\/K01.jpg 313w\" sizes=\"(max-width: 300px) 100vw, 300px\" \/>X. Jugendberichtes des Bundes: \u201eKinder k\u00f6nnen in ihrer Lebenswelt kaum noch Erfahrung mit intakter Umwelt und Natur machen. Abenteuerspielpl\u00e4tze stellen dieser Tatsache einen k\u00fcnstlich geschaffenen \u201enat\u00fcrlichen\u201c Raum entgegen. Hier k\u00f6nnen Kinder urspr\u00fcngliche Erfahrungen mit Wasser, Erde, Feuer, Pflanzen und Tieren machen. Sie erfahren Wertsch\u00e4tzung durch andere Kinder, aber auch durch Erwachsene und entdecken eigenes K\u00f6nnen. Damit entsprechen Abenteuerspielpl\u00e4tze in vieler Hinsicht kindlichen Bed\u00fcrfnissen.\u201c<\/i><\/p>\n<p>Hierzu geh\u00f6ren unserer Meinung nach auch der Umgang mit Werkzeugen, der Bau von Buden, der Umgang mit Tieren und eine gesunde Einstellung zum Risiko.<\/p>\n<p><img loading=\"lazy\" decoding=\"async\" class=\"alignleft size-medium wp-image-316\" src=\"http:\/\/panama.treberhilfe-dresden.de\/wp-content\/uploads\/2012\/11\/K05-300x225.jpg\" alt=\"K05\" width=\"300\" height=\"225\" srcset=\"http:\/\/panama.treberhilfe-dresden.de\/wp-content\/uploads\/2012\/11\/K05-300x225.jpg 300w, http:\/\/panama.treberhilfe-dresden.de\/wp-content\/uploads\/2012\/11\/K05.jpg 313w\" sizes=\"(max-width: 300px) 100vw, 300px\" \/>Zu uns kommen t\u00e4glich 20 bis 40 Kinder und Jugendliche im Alter zwischen 6 und 16 Jahren und 30 bis 100 Erwachsene mit kleinen Kindern. Aber auch neugierige Neustadt-Besucher. Unterst\u00fctzt werden die drei Sozialp\u00e4dagogInnen von MitarbeiterInnen im freiwilligen \u00d6kologischen Jahr und Bundesfreiwilligendienst, von PraktikantInnen und ehrenamtlichen HelferInnen.<\/p>\n<p>Lebenszusammenh\u00e4nge werden deutlich: Hasen werden geboren und sterben, ein Huhn gackert lange, ehe es ein Ei legt und pickert vorher allerlei daf\u00fcr auf. Im Umgang mit Tieren, beim Budenbau, Spielen, Klettern oder Lagerfeuer lernen Kinder Gefahren und sich selbst kennen.<\/p>\n<p><b style=\"line-height: 1.714285714; font-size: 1rem;\"><img loading=\"lazy\" decoding=\"async\" class=\"alignright size-full wp-image-317\" src=\"http:\/\/panama.treberhilfe-dresden.de\/wp-content\/uploads\/2012\/11\/K04.jpg\" alt=\"K04\" width=\"234\" height=\"155\"><\/b><strong>2. Angebote<\/strong><\/p>\n<p>Es ist manchmal schwer vorstellbar, was ein Abenteuerspielplatz m\u00f6glich macht und was nicht. Deshalb einige praktische Beispiele unserer Arbeit.<\/p>\n<p>Der Handwerksbereich &#8211; Kinder und Jugendliche k\u00f6nnen mit folgenden Materialien arbeiten:<img loading=\"lazy\" decoding=\"async\" src=\"http:\/\/panama.treberhilfe-dresden.de\/wp-content\/uploads\/2012\/11\/K10-300x225.jpg\" alt=\"K10\" width=\"300\" height=\"225\"><\/p>\n<ul>\n<li>Leder bearbeiten (Taschen, G\u00fcrtel, Messerscheiden usw.),<\/li>\n<li>mit Ton drehen und formen oder auch matschen,<\/li>\n<li>Wolle spinnen und weiter verarbeiten (teils vom eigenen Schaf),<\/li>\n<li>Holz schnitzen, s\u00e4gen, schleifen, bemalen, dabei&nbsp; entstehen die eigene Bude oder ein benutzbarer Gegenstand,<\/li>\n<li><img loading=\"lazy\" decoding=\"async\" class=\"alignright size-medium wp-image-319\" src=\"http:\/\/panama.treberhilfe-dresden.de\/wp-content\/uploads\/2012\/11\/K12-300x225.jpg\" alt=\"K12\" width=\"300\" height=\"225\" srcset=\"http:\/\/panama.treberhilfe-dresden.de\/wp-content\/uploads\/2012\/11\/K12-300x225.jpg 300w, http:\/\/panama.treberhilfe-dresden.de\/wp-content\/uploads\/2012\/11\/K12.jpg 313w\" sizes=\"(max-width: 300px) 100vw, 300px\" \/>Eisen und Stahl zu Schnecken, Spiralen, Haken, Messern, Kerzenhaltern und &nbsp;&nbsp;anderen Dingen schmieden,<\/li>\n<li>mit F\u00e4den, Muscheln, Perlen, Traumf\u00e4nger, Taschen und Schmuck herstellen.<\/li>\n<\/ul>\n<p>Ebenso werden die eigenen Fahrr\u00e4der repariert und umgebaut. Auch Fackeln f\u00fcr eine eigene Feuershow entstanden schon. Im Lehmofen wird zu Festen Pizza gebacken.<\/p>\n<p>&nbsp;<\/p>\n<p><b>Der Tierbereich<\/b><\/p>\n<p><img loading=\"lazy\" decoding=\"async\" class=\"size-medium wp-image-323 alignright\" src=\"http:\/\/panama.treberhilfe-dresden.de\/wp-content\/uploads\/2012\/11\/K021-300x225.jpg\" alt=\"K02\" width=\"300\" height=\"225\" srcset=\"http:\/\/panama.treberhilfe-dresden.de\/wp-content\/uploads\/2012\/11\/K021-300x225.jpg 300w, http:\/\/panama.treberhilfe-dresden.de\/wp-content\/uploads\/2012\/11\/K021.jpg 313w\" sizes=\"(max-width: 300px) 100vw, 300px\" \/><\/p>\n<ul>\n<li>Ziegen und Schafe b\u00fcrsten, auf dem Panama herumf\u00fchren und Kunstst\u00fccke ein\u00fcben,<\/li>\n<li>H\u00fchnern zuschauen, mit ihnen Kunstst\u00fccke ein\u00fcben oder auch mal streicheln,<\/li>\n<li>die Katze streicheln oder sie zum Jagderfolg \u201ebegl\u00fcckw\u00fcnschen\u201c,<\/li>\n<li><img loading=\"lazy\" decoding=\"async\" class=\"size-medium wp-image-324 alignright\" src=\"http:\/\/panama.treberhilfe-dresden.de\/wp-content\/uploads\/2012\/11\/K06-300x225.jpg\" alt=\"K06\" width=\"300\" height=\"225\" srcset=\"http:\/\/panama.treberhilfe-dresden.de\/wp-content\/uploads\/2012\/11\/K06-300x225.jpg 300w, http:\/\/panama.treberhilfe-dresden.de\/wp-content\/uploads\/2012\/11\/K06.jpg 313w\" sizes=\"(max-width: 300px) 100vw, 300px\" \/>mit den Pferden arbeiten, putzen, f\u00fchren, an der Longe \u00fcben, reiten, sich eine Hindernisstrecke ausdenken und vieles mehr.<\/li>\n<\/ul>\n<p>Zum Tierbereich geh\u00f6rt auch das t\u00e4gliche Versorgen und Pflegen der Tiere gemeinsam mit den Kindern und Jugendlichen.<\/p>\n<p>&nbsp;<\/p>\n<p><b>Projekte<\/b><\/p>\n<p>Wir nehmen jedes Jahr als Siedler des 19. Jahrhundert am Karl-May-Fest teil. In entsprechender Kleidung, mit passenden Zelten, Essen und Spielen.<\/p>\n<p>J\u00e4hrlich veranstalten wir im Sommer ein Indianercamp. Au\u00dferdem gestalten wir mit den Stammkindern Feste: Ruhezone zur BRN, Halloween, Fasching, Ausfl\u00fcge und \u00dcbernachtungen.<\/p>\n<p>&nbsp;<\/p>\n<p>&nbsp;<\/p>\n<center><img loading=\"lazy\" decoding=\"async\" class=\"size-medium wp-image-328\" src=\"http:\/\/panama.treberhilfe-dresden.de\/wp-content\/uploads\/2012\/11\/K11-300x225.jpg\" alt=\"K11\" width=\"300\" height=\"225\" srcset=\"http:\/\/panama.treberhilfe-dresden.de\/wp-content\/uploads\/2012\/11\/K11-300x225.jpg 300w, http:\/\/panama.treberhilfe-dresden.de\/wp-content\/uploads\/2012\/11\/K11.jpg 313w\" sizes=\"(max-width: 300px) 100vw, 300px\" \/>&nbsp;<img loading=\"lazy\" decoding=\"async\" class=\"size-full wp-image-329\" src=\"http:\/\/panama.treberhilfe-dresden.de\/wp-content\/uploads\/2012\/11\/K13.jpg\" alt=\"K13\" width=\"313\" height=\"209\" srcset=\"http:\/\/panama.treberhilfe-dresden.de\/wp-content\/uploads\/2012\/11\/K13.jpg 313w, http:\/\/panama.treberhilfe-dresden.de\/wp-content\/uploads\/2012\/11\/K13-300x200.jpg 300w\" sizes=\"(max-width: 313px) 100vw, 313px\" \/><\/center>\n<p>&nbsp;<\/p>\n<p>&nbsp;<\/p>\n<p>&nbsp;<\/p>\n<p><b>3. Zielgruppe der p\u00e4dagogischen Arbeit<\/b><\/p>\n<p><img loading=\"lazy\" decoding=\"async\" class=\"alignleft size-medium wp-image-334\" src=\"http:\/\/panama.treberhilfe-dresden.de\/wp-content\/uploads\/2012\/11\/K08-300x200.jpg\" alt=\"K08\" width=\"300\" height=\"200\" srcset=\"http:\/\/panama.treberhilfe-dresden.de\/wp-content\/uploads\/2012\/11\/K08-300x200.jpg 300w, http:\/\/panama.treberhilfe-dresden.de\/wp-content\/uploads\/2012\/11\/K08.jpg 313w\" sizes=\"(max-width: 300px) 100vw, 300px\" \/><\/p>\n<p>Alle Kinder ab 6 Jahre und Jugendliche sind willkommen. Die Angebote sind inklusiv und grenzen niemanden aus. Eine Anmeldung ist nicht erforderlich.&nbsp;<\/p>\n<p>Die Kinder und Jugendlichen&nbsp;bringen ihre pers\u00f6nlichen St\u00e4rken, Schw\u00e4chen oder Probleme mit. Bei den positiven St\u00e4rken und Interessen jedes Kindes setzen wir an und f\u00f6rdern dort die pers\u00f6nliche Entwicklung jedes Einzelnen.<\/p>\n<p>&nbsp;<\/p>\n<p><b>4. Ziele<\/b><\/p>\n<p><img loading=\"lazy\" decoding=\"async\" class=\"alignright size-medium wp-image-335\" style=\"line-height: 24px;\" src=\"http:\/\/panama.treberhilfe-dresden.de\/wp-content\/uploads\/2012\/11\/K07-300x225.jpg\" alt=\"K07\" width=\"300\" height=\"225\" srcset=\"http:\/\/panama.treberhilfe-dresden.de\/wp-content\/uploads\/2012\/11\/K07-300x225.jpg 300w, http:\/\/panama.treberhilfe-dresden.de\/wp-content\/uploads\/2012\/11\/K07.jpg 313w\" sizes=\"(max-width: 300px) 100vw, 300px\" \/><\/p>\n<p><b>F\u00f6rderung der Pers\u00f6nlichkeitsentwicklung<\/b><\/p>\n<p>Selbstbewusstsein und Selbstsicherheit st\u00e4rken, Kreativit\u00e4t f\u00f6rdern, Abreagieren erm\u00f6glichen (Schulfrust, \u00c4rger mit Eltern), Aggressionsabbau durch Bewegung und \u201et\u00e4tig sein\u201c f\u00f6rdern, Neugier wecken und befriedigen, Beziehungsarbeit, Ort zur Entspannung und Beobachtung<\/p>\n<p><b>Soziale Kompetenz f\u00f6rdern<\/b><\/p>\n<p>Soziales Verhalten f\u00f6rdern, Durchsetzungsverm\u00f6gen reflektieren, entsprechend Reagieren (hemmen\/f\u00f6rdern), eigene Bed\u00fcrfnisse gegen\u00fcber Anderen oder den Tieren&nbsp;zur\u00fcckstellen, gesellschaftlich akzeptierte Konfliktl\u00f6sungen aufzeigen, Selbstverwaltung erm\u00f6glichen (eigene Bude), Integrationsarbeit (Altersgruppen, Geschlecht, soziale Schicht), Verantwortung \u00fcbernehmen lernen, Selbstorganisationsprozesse f\u00f6rdern, &nbsp;&nbsp;gegenseitige Ann\u00e4hrung, Kennen lernen unterst\u00fctzen, Partizipation \u2013 Einbeziehung der Kinder und Jugendlichen in Planung, Organisation und Realisierung von Vorhaben des ASP<\/p>\n<p><strong>Wissensvermittlung \/ Erfahrungen sammeln<\/strong><\/p>\n<p><img loading=\"lazy\" decoding=\"async\" class=\"size-medium wp-image-336 alignright\" src=\"http:\/\/panama.treberhilfe-dresden.de\/wp-content\/uploads\/2012\/11\/K09-300x225.jpg\" alt=\"K09\" width=\"300\" height=\"225\" srcset=\"http:\/\/panama.treberhilfe-dresden.de\/wp-content\/uploads\/2012\/11\/K09-300x225.jpg 300w, http:\/\/panama.treberhilfe-dresden.de\/wp-content\/uploads\/2012\/11\/K09.jpg 313w\" sizes=\"(max-width: 300px) 100vw, 300px\" \/><\/p>\n<p>Prim\u00e4rerfahrungen erm\u00f6glichen (Feuer, Wasser, Erde, Luft), \u00d6kologiebewusstsein &nbsp;&nbsp;&nbsp;f\u00f6rdern, Wahrnehmungsschulung, Umgang mit Gefahren erm\u00f6glichen<\/p>\n<p><b>F\u00e4higkeiten und Fertigkeiten f\u00f6rdern<\/b><\/p>\n<p>Handwerkliche F\u00e4higkeiten und Fertigkeiten vermitteln, Geschicklichkeit trainieren, k\u00f6rperliche F\u00e4higkeiten erfahrbar machen, motorische F\u00e4higkeiten bessern<\/p>\n<p><b>Werte vermitteln<\/b><\/p>\n<p>Bewahrung tradierter Lebens- und Herstellungsweisen, Toleranz gegen\u00fcber Fremden, Natur als Lebensumwelt, Wertsch\u00e4tzung von Gegenst\u00e4nden auch als Wertsch\u00e4tzung der daf\u00fcr geleisteten menschlichen Arbeit, Wertsch\u00e4tzung von Handlungen<\/p>\n<p><b>5. Methoden<\/b><\/p>\n<p><b><img loading=\"lazy\" decoding=\"async\" class=\"alignright size-medium wp-image-337\" src=\"http:\/\/panama.treberhilfe-dresden.de\/wp-content\/uploads\/2012\/11\/K051-300x225.jpg\" alt=\"K05\" width=\"300\" height=\"225\" srcset=\"http:\/\/panama.treberhilfe-dresden.de\/wp-content\/uploads\/2012\/11\/K051-300x225.jpg 300w, http:\/\/panama.treberhilfe-dresden.de\/wp-content\/uploads\/2012\/11\/K051.jpg 313w\" sizes=\"(max-width: 300px) 100vw, 300px\" \/>Soziale Ans\u00e4tze<\/b><\/p>\n<p>Lebensweltbezogen, sozialraumorientiert, niedrigschwellig, bed\u00fcrfnisorientiert, \u201eZweites Zuhause\u201c f\u00fcr Kinder und Jugendliche bieten<\/p>\n<p><b>P\u00e4dagogische Ans\u00e4tze<\/b><\/p>\n<p>Partizipation, Freiwilligkeit, Offenheit (keine Mitgliedschaft erforderlich), Kostenfreiheit, Moto- und Sportp\u00e4dagogik, F\u00f6rderung von Selbstst\u00e4ndigkeit &amp; Selbstorganisationsprozessen, kontrollierte Aggression zulassen, Integrationsarbeit, Naturp\u00e4dagogik, Einsatz therapeutischer Elemente, Geschlechtsspezifische P\u00e4dagogik, Elternarbeit<\/p>\n<p><b><img loading=\"lazy\" decoding=\"async\" class=\"alignright size-medium wp-image-338\" src=\"http:\/\/panama.treberhilfe-dresden.de\/wp-content\/uploads\/2012\/11\/K03-300x225.jpg\" alt=\"K03\" width=\"300\" height=\"225\" srcset=\"http:\/\/panama.treberhilfe-dresden.de\/wp-content\/uploads\/2012\/11\/K03-300x225.jpg 300w, http:\/\/panama.treberhilfe-dresden.de\/wp-content\/uploads\/2012\/11\/K03.jpg 313w\" sizes=\"(max-width: 300px) 100vw, 300px\" \/>spezifische Ans\u00e4tze eines Abenteuerspielplatzes<\/b><\/p>\n<p>P\u00e4dagogische Arbeit mit Tieren, Risiko als Spielwert, Vermitteln von Handwerkstechniken, Beziehungsarbeit<\/p>\n<p>&nbsp;<\/p>\n<p>&nbsp;<\/p>\n<p><b>ASP PANAMA<\/b> \u2013 der Abenteuerspielplatz der TREBERHILFE DRESDEN e.V.<br>unterst\u00fctzt durch den F\u00f6rderverein PANAMA e.V.<\/p>\n<p>Sozialp\u00e4dagog:innen: Jana Erler, Emmanuel Siewert (in Ausbildung), Lydia Winde und Bella Baor<\/p>\n<p>Mitarbeiterinnen im Tierbereich: Julia Kreiner und Elina Rech<br>Adresse: Seifhennersdorfer Str. 2, 01099 Dresden<br>Tel.: 0351 \/ 80 38 748, Email: asp-panama@treberhilfe-dresden.de<br>Internet: www.asp-panama.de oder &nbsp;www.treberhilfe-dresden.de<\/p>\n<p>Konzeption ASP Panama 2020:<\/p>\n\n\n<div class=\"wp-block-file\"><a id=\"wp-block-file--media-395df5be-0775-49bb-8f3e-cb8e3fee507d\" href=\"http:\/\/panama.treberhilfe-dresden.de\/wp-content\/uploads\/2021\/04\/200727_Rahmenkonzept_Panama.pdf\">200727_Rahmenkonzept_Panama<\/a><a href=\"http:\/\/panama.treberhilfe-dresden.de\/wp-content\/uploads\/2021\/04\/200727_Rahmenkonzept_Panama.pdf\" class=\"wp-block-file__button\" download aria-describedby=\"wp-block-file--media-395df5be-0775-49bb-8f3e-cb8e3fee507d\">Herunterladen<\/a><\/div>\n\n\n\n<p><\/p>\n","protected":false},"excerpt":{"rendered":"<p>ASP PANAMA \u2013 der Abenteuerspielplatz der TREBERHILFE DRESDEN e.V.Kurzkonzeption 1. Einleitung X. Jugendberichtes des Bundes: \u201eKinder k\u00f6nnen in ihrer Lebenswelt kaum noch Erfahrung mit intakter Umwelt und Natur machen. Abenteuerspielpl\u00e4tze stellen dieser Tatsache einen k\u00fcnstlich geschaffenen \u201enat\u00fcrlichen\u201c Raum entgegen. Hier k\u00f6nnen Kinder urspr\u00fcngliche Erfahrungen mit Wasser, Erde, Feuer, Pflanzen und Tieren machen. Sie erfahren Wertsch\u00e4tzung [&hellip;]<\/p>\n","protected":false},"author":1,"featured_media":0,"parent":20,"menu_order":2,"comment_status":"closed","ping_status":"closed","template":"","meta":{"ngg_post_thumbnail":0,"footnotes":""},"class_list":["post-12","page","type-page","status-publish","hentry"],"_links":{"self":[{"href":"http:\/\/panama.treberhilfe-dresden.de\/index.php?rest_route=\/wp\/v2\/pages\/12"}],"collection":[{"href":"http:\/\/panama.treberhilfe-dresden.de\/index.php?rest_route=\/wp\/v2\/pages"}],"about":[{"href":"http:\/\/panama.treberhilfe-dresden.de\/index.php?rest_route=\/wp\/v2\/types\/page"}],"author":[{"embeddable":true,"href":"http:\/\/panama.treberhilfe-dresden.de\/index.php?rest_route=\/wp\/v2\/users\/1"}],"replies":[{"embeddable":true,"href":"http:\/\/panama.treberhilfe-dresden.de\/index.php?rest_route=%2Fwp%2Fv2%2Fcomments&post=12"}],"version-history":[{"count":27,"href":"http:\/\/panama.treberhilfe-dresden.de\/index.php?rest_route=\/wp\/v2\/pages\/12\/revisions"}],"predecessor-version":[{"id":3176,"href":"http:\/\/panama.treberhilfe-dresden.de\/index.php?rest_route=\/wp\/v2\/pages\/12\/revisions\/3176"}],"up":[{"embeddable":true,"href":"http:\/\/panama.treberhilfe-dresden.de\/index.php?rest_route=\/wp\/v2\/pages\/20"}],"wp:attachment":[{"href":"http:\/\/panama.treberhilfe-dresden.de\/index.php?rest_route=%2Fwp%2Fv2%2Fmedia&parent=12"}],"curies":[{"name":"wp","href":"https:\/\/api.w.org\/{rel}","templated":true}]}}