{"id":107,"date":"2012-12-06T07:47:25","date_gmt":"2012-12-06T07:47:25","guid":{"rendered":"http:\/\/panama.treberhilfe-dresden.de\/?page_id=107"},"modified":"2024-06-25T11:53:30","modified_gmt":"2024-06-25T11:53:30","slug":"unterstutzer","status":"publish","type":"page","link":"http:\/\/panama.treberhilfe-dresden.de\/?page_id=107","title":{"rendered":"Unterst\u00fctzung &#038; Spenden"},"content":{"rendered":"\n<figure class=\"wp-block-table alignwide is-style-regular\"><table><tbody><tr><td> <strong>Sie m\u00f6chten den ASP PANAMA unterst\u00fctzen? Sehr gern!&nbsp;Und so ist es m\u00f6glich:<\/strong> <\/td><\/tr><tr><td><strong>&#8230; mit einer Tierpatenschaft<\/strong><br>Werden Sie Tierpate eines bestimmten Tieres oder einer Tierart des ASP PANAMA und Unterst\u00fctzen Sie so die Haltung und Pflege ihres Patentieres! Mehr Informationen gibt es dazu hier: <a href=\"http:\/\/panama.treberhilfe-dresden.de\/?page_id=254\">Tierpate werden<\/a>. <\/td><\/tr><tr><td> <strong>&#8230; mit Sachspenden<\/strong><br> <a href=\"http:\/\/panama.treberhilfe-dresden.de\/?page_id=175\/#futterspende\">Tierfutter<\/a>, naturbelassenes Holz, B\u00fcroverbrauchsmaterial, Handwerkzeuge, Kleineisenteile, Elektrowerkzeuge, Geschirr, Pferdezubeh\u00f6r, Holzschlitten, usw. <\/td><\/tr><tr><td> <strong>&#8230; mit praktischer Unterst\u00fctzung vor Ort<\/strong><br> Hilfe bei der F\u00fctterung am Wochenende, Unterst\u00fctzung durch Fachkenntnisse beim Handwerk, in der Tierhaltung, Bau oder Verwaltung, Unterst\u00fctzung bei Aktionen und Festen <\/td><\/tr><tr><td><strong>&#8230; mit Geldspenden<\/strong><br>Sie spenden auf das Konto des F\u00f6rdervereins PANAMA e.V. und der Panama-Kinder-Rat, das Team und die Vorst\u00e4nde des Tr\u00e4gers und des\u00a0F\u00f6rdervereines entscheiden gemeinsam \u00fcber die Verwendung der Spenden.<br><br>Sie k\u00f6nnen uns auch auf https:\/\/www.betterplace.org\/de\/projects\/119315-abenteuerspielplatz-panama unterst\u00fctzen<\/td><\/tr><tr><td> <strong>&#8230; mit einer Mitgliedschaft im F\u00f6rderverein<\/strong><br> Werden sie aktives Mitglied oder passives F\u00f6rdermitglied im <a href=\"http:\/\/panama.treberhilfe-dresden.de\/?page_id=22\">F\u00f6rderverein PANAMA e.V.<\/a> <\/td><\/tr><\/tbody><\/table><\/figure>\n\n\n\n<p><\/p>\n","protected":false},"excerpt":{"rendered":"<p>Sie m\u00f6chten den ASP PANAMA unterst\u00fctzen? Sehr gern!&nbsp;Und so ist es m\u00f6glich: &#8230; mit einer TierpatenschaftWerden Sie Tierpate eines bestimmten Tieres oder einer Tierart des ASP PANAMA und Unterst\u00fctzen Sie so die Haltung und Pflege ihres Patentieres! Mehr Informationen gibt es dazu hier: Tierpate werden. &#8230; mit Sachspenden Tierfutter, naturbelassenes Holz, B\u00fcroverbrauchsmaterial, Handwerkzeuge, Kleineisenteile, Elektrowerkzeuge, [&hellip;]<\/p>\n","protected":false},"author":1,"featured_media":0,"parent":8,"menu_order":4,"comment_status":"closed","ping_status":"closed","template":"","meta":{"ngg_post_thumbnail":0,"footnotes":""},"class_list":["post-107","page","type-page","status-publish","hentry"],"_links":{"self":[{"href":"http:\/\/panama.treberhilfe-dresden.de\/index.php?rest_route=\/wp\/v2\/pages\/107"}],"collection":[{"href":"http:\/\/panama.treberhilfe-dresden.de\/index.php?rest_route=\/wp\/v2\/pages"}],"about":[{"href":"http:\/\/panama.treberhilfe-dresden.de\/index.php?rest_route=\/wp\/v2\/types\/page"}],"author":[{"embeddable":true,"href":"http:\/\/panama.treberhilfe-dresden.de\/index.php?rest_route=\/wp\/v2\/users\/1"}],"replies":[{"embeddable":true,"href":"http:\/\/panama.treberhilfe-dresden.de\/index.php?rest_route=%2Fwp%2Fv2%2Fcomments&post=107"}],"version-history":[{"count":14,"href":"http:\/\/panama.treberhilfe-dresden.de\/index.php?rest_route=\/wp\/v2\/pages\/107\/revisions"}],"predecessor-version":[{"id":3875,"href":"http:\/\/panama.treberhilfe-dresden.de\/index.php?rest_route=\/wp\/v2\/pages\/107\/revisions\/3875"}],"up":[{"embeddable":true,"href":"http:\/\/panama.treberhilfe-dresden.de\/index.php?rest_route=\/wp\/v2\/pages\/8"}],"wp:attachment":[{"href":"http:\/\/panama.treberhilfe-dresden.de\/index.php?rest_route=%2Fwp%2Fv2%2Fmedia&parent=107"}],"curies":[{"name":"wp","href":"https:\/\/api.w.org\/{rel}","templated":true}]}}